{"id":520,"date":"2012-04-08T21:50:14","date_gmt":"2012-04-08T21:50:14","guid":{"rendered":"http:\/\/ksfe-ev.de\/cms\/?page_id=520"},"modified":"2014-07-25T21:26:02","modified_gmt":"2014-07-25T21:26:02","slug":"ksfe2014vortrage-2","status":"publish","type":"page","link":"https:\/\/ksfe-ev.de\/cms\/archiv\/ksfe2014vortrage-2\/","title":{"rendered":"Vortr\u00e4ge"},"content":{"rendered":"<p><center><\/p>\n<h3><em><span style=\"color: #ff0000;\">Donnerstag, 3. M\u00e4rz 2005<\/span><\/em><\/h3>\n<p><\/center><\/p>\n<table cellpadding=\"5\">\n<colgroup>\n<col width=\"5%\" \/>\n<col width=\"28%\" \/>\n<col width=\"5%\" \/>\n<col width=\"29%\" \/>\n<col width=\"5%\" \/>\n<col width=\"28%\" \/> <\/colgroup>\n<tbody>\n<tr>\n<td colspan=\"6\" align=\"left\" valign=\"top\">Raum 0&#8217;115\u00a0\u00a0\u00a0<em>Er\u00f6ffnung<\/em><\/td>\n<\/tr>\n<tr>\n<td colspan=\"6\" align=\"left\" valign=\"top\">Chairman: <em>Prof. Dr. E. R\u00f6del,<\/em> Humboldt-Universit\u00e4t zu Berlin<\/td>\n<\/tr>\n<tr>\n<td align=\"center\" valign=\"top\">9:30<br \/>\n&#8211;<br \/>\n10:30<\/td>\n<td colspan=\"5\" align=\"left\" valign=\"top\" bgcolor=\"#e9edf5\">Begr\u00fc\u00dfungsworte und Er\u00f6ffnung der 9. KSFE<\/p>\n<ul>\n<li><em>Prof. Dr. Egmar R\u00f6del<\/em>, Chairman der 9. KSFE<\/li>\n<li><em>Dr. Peter Schirmbacher<\/em>, Direktor des Computer- und Medienservice der Humboldt-Universit\u00e4t zu Berlin<\/li>\n<li><a href=\"http:\/\/www.bundestag.de\/mdb15\/bio\/B\/bindilo0.html\" target=\"target=&quot;_blank&quot;\"><em>Lothar Binding<\/em><\/a>, MdB<\/li>\n<li><em>Jost Doerken<\/em>, General Manager SAS Deutschland GmbH<\/li>\n<\/ul>\n<p>Preisverleihung SAS Mining Challenge 2004<\/td>\n<\/tr>\n<tr>\n<td colspan=\"6\"><\/td>\n<\/tr>\n<tr>\n<td align=\"center\" valign=\"top\">10:30<br \/>\n&#8211;<br \/>\n11:00<\/td>\n<td colspan=\"5\" align=\"center\" valign=\"middle\" bgcolor=\"#e9edf5\">Pause<\/td>\n<\/tr>\n<tr>\n<td colspan=\"6\"><\/td>\n<\/tr>\n<tr>\n<td colspan=\"2\" align=\"left\" valign=\"top\">Raum 0&#8217;115<br \/>\n<em>SAS9<\/em><\/td>\n<td colspan=\"2\" align=\"left\" valign=\"top\">Raum 0&#8217;110<br \/>\n<em>Datenmanagement<\/em><\/td>\n<td colspan=\"2\" align=\"left\" valign=\"top\"><\/td>\n<\/tr>\n<tr>\n<td colspan=\"2\" align=\"left\" valign=\"top\">Sitzungsleitung: <em>R. Meister,<\/em><br \/>\nTFH Berlin<\/td>\n<td colspan=\"2\" align=\"left\" valign=\"top\">Sitzungsleitung: <em>M. Hollenhorst,<\/em><br \/>\nUniversit\u00e4t Gie\u00dfen<\/td>\n<td colspan=\"2\" align=\"left\" valign=\"top\"><\/td>\n<\/tr>\n<tr>\n<td align=\"center\" valign=\"top\">11:00<\/td>\n<td align=\"left\" valign=\"top\" bgcolor=\"#e9edf5\"><em>R. Str\u00fcby<\/em><br \/>\nSAS Deutschland, Heidelberg<a><\/p>\n<p><img decoding=\"async\" src=\"http:\/\/www2.hu-berlin.de\/ksfe\/KSFE2005\/bilder\/To.gif\" alt=\"\" width=\"7\" border=\"0\" \/>\u00a0Moderne statistische Analysen mit SAS Personal Analytics<\/a><\/td>\n<td align=\"center\" valign=\"top\">11:00<\/td>\n<td align=\"left\" valign=\"top\" bgcolor=\"#e9edf5\"><em>J. Heitzig<\/em><br \/>\nStatistisches Bundesamt, Wiesbaden<a><\/p>\n<p><img decoding=\"async\" src=\"http:\/\/www2.hu-berlin.de\/ksfe\/KSFE2005\/bilder\/To.gif\" alt=\"\" width=\"7\" border=\"0\" \/>\u00a0Statistische Geheimhaltung bei komplexen Analysen mit SAS<\/a><\/td>\n<td colspan=\"2\" align=\"left\" valign=\"top\"><\/td>\n<\/tr>\n<tr>\n<td align=\"center\" valign=\"top\">11:30<\/td>\n<td align=\"left\" valign=\"top\" bgcolor=\"#e9edf5\"><em>H. Schreiter<\/em><br \/>\nSAS Deutschland, Heidelberg<a><\/p>\n<p><img decoding=\"async\" src=\"http:\/\/www2.hu-berlin.de\/ksfe\/KSFE2005\/bilder\/To.gif\" alt=\"\" width=\"7\" border=\"0\" \/>\u00a0SAS 9: Leistung und Performance f\u00fcr alle Anwender und Prozesse<\/a><\/td>\n<td align=\"center\" valign=\"top\">11:30<\/td>\n<td align=\"left\" valign=\"top\" bgcolor=\"#e9edf5\"><em>Th. R\u00fcdiger<\/em><br \/>\nAXA Service AG<a><\/p>\n<p><img decoding=\"async\" src=\"http:\/\/www2.hu-berlin.de\/ksfe\/KSFE2005\/bilder\/To.gif\" alt=\"\" width=\"7\" border=\"0\" \/>\u00a0Der SAS-Betriebsausflug in die Microsoft-Welt &#8211; Datenexport made easy<\/a><\/td>\n<td colspan=\"2\" align=\"left\" valign=\"top\"><\/td>\n<\/tr>\n<tr>\n<td align=\"center\" valign=\"top\">12:00<\/td>\n<td align=\"left\" valign=\"top\" bgcolor=\"#e9edf5\"><em>D. Hildebrandt<\/em><br \/>\nSAS Deutschland, Heidelberg<a><\/p>\n<p><img decoding=\"async\" src=\"http:\/\/www2.hu-berlin.de\/ksfe\/KSFE2005\/bilder\/To.gif\" alt=\"\" width=\"7\" border=\"0\" \/>\u00a0Ausgabe Ihrer Ergebnisse &#8211; wann und wie immer Sie wollen ODS DOCUMENT und ODS MARKUP<\/a><\/td>\n<td align=\"center\" valign=\"top\">12:00<\/td>\n<td align=\"left\" valign=\"top\" bgcolor=\"#e9edf5\"><em>P. E. Rudolph, A. Tuchscherer<\/em><br \/>\nFBN Dummerstorf<br \/>\n<em>C. Ortseifen<\/em><br \/>\nUniversit\u00e4t Heidelberg<a><\/p>\n<p><img decoding=\"async\" src=\"http:\/\/www2.hu-berlin.de\/ksfe\/KSFE2005\/bilder\/To.gif\" alt=\"\" width=\"7\" border=\"0\" \/>\u00a0Datenaustausch zwischen SAS 9.1.2 und MS Excel \/ Access 2003 mittels ODBC<\/a><\/td>\n<td colspan=\"2\" align=\"left\" valign=\"top\"><\/td>\n<\/tr>\n<tr>\n<td colspan=\"6\"><\/td>\n<\/tr>\n<tr>\n<td align=\"center\" valign=\"top\">12:30<br \/>\n&#8211;<br \/>\n13:30<\/td>\n<td colspan=\"5\" align=\"center\" valign=\"middle\" bgcolor=\"#e9edf5\">Pause<\/td>\n<\/tr>\n<tr>\n<td colspan=\"6\"><\/td>\n<\/tr>\n<tr>\n<td colspan=\"2\" align=\"left\" valign=\"top\">Raum 0&#8217;115<br \/>\n<em>SAS9<\/em><\/td>\n<td colspan=\"2\" align=\"left\" valign=\"top\">Raum 0&#8217;110<br \/>\n<em>Medizinische Statistik<\/em><\/td>\n<td colspan=\"2\" align=\"left\" valign=\"top\">Raum 0&#8217;101<br \/>\n<em>Datenmanagement<\/em><\/td>\n<\/tr>\n<tr>\n<td colspan=\"2\" align=\"left\" valign=\"top\">Sitzungsleitung: <em>N. Kleekamp,<\/em><br \/>\nUniversit\u00e4t Jena<\/td>\n<td colspan=\"2\" align=\"left\" valign=\"top\">Sitzungsleitung: <em>A. Christmann,<\/em><br \/>\nUniversit\u00e4t Dortmund<\/td>\n<td colspan=\"2\" align=\"left\" valign=\"top\">Sitzungsleitung: <em>H. Redlich,<\/em><br \/>\nUniversit\u00e4t Potsdam<\/td>\n<\/tr>\n<tr>\n<td rowspan=\"3\" align=\"center\" valign=\"top\">13:30<br \/>\n&#8211;<br \/>\n15:00<\/td>\n<td rowspan=\"3\" align=\"left\" valign=\"top\" bgcolor=\"#e9edf5\"><em>C. Ortseifen<\/em><br \/>\nUniversit\u00e4t Heidelberg<a><\/p>\n<p><img decoding=\"async\" src=\"http:\/\/www2.hu-berlin.de\/ksfe\/KSFE2005\/bilder\/To.gif\" alt=\"\" width=\"7\" border=\"0\" \/>\u00a0Tutorium: Einf\u00fchrung in die SAS\/Enterprise Guide Software f\u00fcr SAS-Anwender<\/a><\/td>\n<td align=\"center\" valign=\"top\">13:30<\/td>\n<td align=\"left\" valign=\"top\" bgcolor=\"#e9edf5\"><em>H.-P. Altenburg<\/em><br \/>\nDKFZ Heidelberg<a><\/p>\n<p><img decoding=\"async\" src=\"http:\/\/www2.hu-berlin.de\/ksfe\/KSFE2005\/bilder\/To.gif\" alt=\"\" width=\"7\" border=\"0\" \/>\u00a0\u00dcber die Umsetzung von Matching-Verfahren mit Hilfe des SAS-Systems<\/a><\/td>\n<td align=\"center\" valign=\"top\">13:30<\/td>\n<td align=\"left\" valign=\"top\" bgcolor=\"#e9edf5\"><em>B. Allmann<\/em><br \/>\nSAS Deutschland, Heidelberg<a><\/p>\n<p><img decoding=\"async\" src=\"http:\/\/www2.hu-berlin.de\/ksfe\/KSFE2005\/bilder\/To.gif\" alt=\"\" width=\"7\" border=\"0\" \/>\u00a0Eine Web-basierte SAS L\u00f6sung f\u00fcr das Datenmanagement klinischer Studien<\/a><\/td>\n<\/tr>\n<tr>\n<td align=\"center\" valign=\"top\">14:00<\/td>\n<td align=\"left\" valign=\"top\" bgcolor=\"#e9edf5\"><em>Th. G. Grobe<\/em><br \/>\nInstitut f\u00fcr Sozialmedizin, Epidemiologie und Gesundheitssystem-forschung (ISEG), Hannover<a><\/p>\n<p><img decoding=\"async\" src=\"http:\/\/www2.hu-berlin.de\/ksfe\/KSFE2005\/bilder\/To.gif\" alt=\"\" width=\"7\" border=\"0\" \/>\u00a0Zuordnung von Ereignisintervallen zu Bezugszeitr\u00e4umen in gr\u00f6\u00dferen Datenbest\u00e4nden<\/a><\/td>\n<td align=\"center\" valign=\"top\">14:00<\/td>\n<td align=\"left\" valign=\"top\" bgcolor=\"#e9edf5\"><em>A. Gerlach, M. Kaufmann, H. Ro\u00dfner<\/em><br \/>\nUniversit\u00e4ts-Klinikum Freiburg<a><\/p>\n<p><img decoding=\"async\" src=\"http:\/\/www2.hu-berlin.de\/ksfe\/KSFE2005\/bilder\/To.gif\" alt=\"\" width=\"7\" border=\"0\" \/>\u00a0Entwicklung eines GCP konformen Datenmanagement Systems in SAS<\/a><\/td>\n<\/tr>\n<tr>\n<td align=\"center\" valign=\"top\">14:30<\/td>\n<td align=\"left\" valign=\"top\" bgcolor=\"#e9edf5\"><em>K. Hohl, R. Muche, Ch. Ring<\/em><br \/>\nUniversit\u00e4t Ulm<br \/>\n<em>Christoph Ziegler<\/em><br \/>\nBoehringer Ingelheim Pharma GmbH<a><\/p>\n<p><img decoding=\"async\" src=\"http:\/\/www2.hu-berlin.de\/ksfe\/KSFE2005\/bilder\/To.gif\" alt=\"\" width=\"7\" border=\"0\" \/>\u00a0Fehlende Werte in der (Regressions-) Analyse von Datens\u00e4tzen: zwei SAS-Makros<\/a><\/td>\n<td align=\"center\" valign=\"top\">14:30<\/td>\n<td align=\"left\" valign=\"top\" bgcolor=\"#e9edf5\"><em>T. Dannewald, D. Temme<\/em><br \/>\nHumboldt-Universit\u00e4t zu Berlin<a><\/p>\n<p><img decoding=\"async\" src=\"http:\/\/www2.hu-berlin.de\/ksfe\/KSFE2005\/bilder\/To.gif\" alt=\"\" width=\"7\" border=\"0\" \/>\u00a0Der Einfluss von Wechselkursschwankungen auf das Wettbewerbsverhalten. Das Beispiel der Preissetzung Europ\u00e4ischer Biermarken in Nordamerika<\/a><\/td>\n<\/tr>\n<tr>\n<td colspan=\"6\"><\/td>\n<\/tr>\n<tr>\n<td align=\"center\" valign=\"top\">15:00<br \/>\n&#8211;<br \/>\n15:30<\/td>\n<td colspan=\"5\" align=\"center\" valign=\"middle\" bgcolor=\"#e9edf5\">Pause<\/td>\n<\/tr>\n<tr>\n<td colspan=\"6\"><\/td>\n<\/tr>\n<tr>\n<td colspan=\"2\" align=\"left\" valign=\"top\">Raum 0&#8217;115<br \/>\n<em>Programmierung<\/em><\/td>\n<td colspan=\"2\" align=\"left\" valign=\"top\">Raum 0&#8217;110<br \/>\n<em>Medizinische Statistik<\/em><\/td>\n<td colspan=\"2\" align=\"left\" valign=\"top\"><\/td>\n<\/tr>\n<tr>\n<td colspan=\"2\" align=\"left\" valign=\"top\">Sitzungsleitung: <em>H. St\u00fcrzl,<\/em><br \/>\nDade Behring, Marburg<\/td>\n<td colspan=\"2\" align=\"left\" valign=\"top\">Sitzungsleitung: <em>R.-H. B\u00f6deker,<\/em><br \/>\nUniversit\u00e4t Gie\u00dfen<\/td>\n<td colspan=\"2\" align=\"left\" valign=\"top\"><\/td>\n<\/tr>\n<tr>\n<td align=\"center\" valign=\"top\">15:30<\/td>\n<td align=\"left\" valign=\"top\" bgcolor=\"#e9edf5\"><em>S. Arends<\/em><br \/>\nRoche Diagnostics GmbH<br \/>\n<em>U. Weiss<\/em><br \/>\nWeiss-IT Freiburg<a><\/p>\n<p><img decoding=\"async\" src=\"http:\/\/www2.hu-berlin.de\/ksfe\/KSFE2005\/bilder\/To.gif\" alt=\"\" width=\"7\" border=\"0\" \/>\u00a0Effizienzsteigerung der Weiterentwicklung und Validierung von Applikationen durch Test-Automatisierung<\/a><\/td>\n<td align=\"center\" valign=\"top\">15:30<\/td>\n<td rowspan=\"3\" align=\"left\" valign=\"top\" bgcolor=\"#e9edf5\"><em>A. Mangold<\/em><br \/>\nHMS GmbH Heidelberg<a><\/p>\n<p><img decoding=\"async\" src=\"http:\/\/www2.hu-berlin.de\/ksfe\/KSFE2005\/bilder\/To.gif\" alt=\"\" width=\"7\" border=\"0\" \/>\u00a0Colibri: ein SAS-Server f\u00fcr validierte Statistiksoftware<\/a><\/td>\n<td rowspan=\"3\" colspan=\"2\" align=\"left\" valign=\"top\"><\/td>\n<\/tr>\n<tr>\n<td colspan=\"6\"><\/td>\n<\/tr>\n<tr>\n<td colspan=\"2\" align=\"left\" valign=\"top\">Raum 0&#8217;115<br \/>\n<em>Tipps &amp; Tricks<\/em><\/td>\n<\/tr>\n<tr>\n<td rowspan=\"3\" align=\"center\" valign=\"top\">16:00<br \/>\n&#8211;<br \/>\n17:30<\/td>\n<td rowspan=\"3\" align=\"left\" valign=\"top\" bgcolor=\"#e9edf5\"><em>M. Kappler<\/em><br \/>\nBGFA Ruhr-Universit\u00e4t Bochum<br \/>\n<em>G. Pfister<\/em><br \/>\niCASUS GmbH<br \/>\n<em>H. St\u00fcrzl<\/em><br \/>\nDade Behring<br \/>\n<em>C. Ortseifen<\/em><br \/>\nUniversit\u00e4t Heidelberg<a><\/p>\n<p><img decoding=\"async\" src=\"http:\/\/www2.hu-berlin.de\/ksfe\/KSFE2005\/bilder\/To.gif\" alt=\"\" width=\"7\" border=\"0\" \/>\u00a0Tipps und Tricks f\u00fcr den leichteren Umgang mit der SAS Software<\/a><\/td>\n<td align=\"center\" valign=\"top\">16:00<\/td>\n<td align=\"left\" valign=\"top\" bgcolor=\"#e9edf5\"><em>O. Gefeller, A. Pfahlberg<\/em><br \/>\nUniversit\u00e4t Erlangen-N\u00fcrnberg<a><\/p>\n<p><img decoding=\"async\" src=\"http:\/\/www2.hu-berlin.de\/ksfe\/KSFE2005\/bilder\/To.gif\" alt=\"\" width=\"7\" border=\"0\" \/>\u00a0Ein Test auf &#8218;koh\u00e4rente Alternativen&#8216; mit dem SAS Makro POSET<\/a><\/td>\n<td colspan=\"2\" align=\"left\" valign=\"top\"><\/td>\n<\/tr>\n<tr>\n<td align=\"center\" valign=\"top\">16:30<\/td>\n<td align=\"left\" valign=\"top\" bgcolor=\"#e9edf5\"><em>D. Knoerzer, M. Burke, D. Hauschke<\/em><br \/>\nALTANA Pharma AG<a><\/p>\n<p><img decoding=\"async\" src=\"http:\/\/www2.hu-berlin.de\/ksfe\/KSFE2005\/bilder\/To.gif\" alt=\"\" width=\"7\" border=\"0\" \/>\u00a0Number-Needed-to-Treat, Eigenschaften und Darstellung einer beliebten aber nicht unproblematischen Relevanz-Kenngr\u00f6\u00dfe<\/a><\/td>\n<td colspan=\"2\" align=\"left\" valign=\"top\"><\/td>\n<\/tr>\n<tr>\n<td align=\"center\" valign=\"top\">17:00<\/td>\n<td align=\"left\" valign=\"top\" bgcolor=\"#e9edf5\"><em>H.-J. Carius<\/em><br \/>\nSAS Deutschland, Heidelberg<a><\/p>\n<p><img decoding=\"async\" src=\"http:\/\/www2.hu-berlin.de\/ksfe\/KSFE2005\/bilder\/To.gif\" alt=\"\" width=\"7\" border=\"0\" \/>\u00a0SAS Scientific Discovery Solutions &#8211; SAS L\u00f6sungen f\u00fcr die Analyse molekularbiologischer Daten<\/a><\/td>\n<td colspan=\"2\" align=\"left\" valign=\"top\"><\/td>\n<\/tr>\n<tr>\n<td colspan=\"6\"><\/td>\n<\/tr>\n<tr>\n<td align=\"center\" valign=\"top\">17:30<\/td>\n<td colspan=\"5\" align=\"center\" valign=\"middle\" bgcolor=\"#e9edf5\">Ende der Vortr\u00e4ge am ersten Tag\u00a0\u00a0\u00a0 <a><img decoding=\"async\" src=\"http:\/\/www2.hu-berlin.de\/ksfe\/KSFE2005\/bilder%5CTo.gif\" alt=\"\" width=\"7\" border=\"0\" \/> Abendveranstaltung<\/a><\/td>\n<\/tr>\n<\/tbody>\n<\/table>\n<hr width=\"100%\" \/>\n<p><center><\/p>\n<h3><em><span style=\"color: #ff0000;\">Freitag, 4. M\u00e4rz 2005<\/span><\/em><\/h3>\n<p><\/center><\/p>\n<table cellpadding=\"5\">\n<colgroup>\n<col width=\"5%\" \/>\n<col width=\"28%\" \/>\n<col width=\"5%\" \/>\n<col width=\"29%\" \/>\n<col width=\"5%\" \/>\n<col width=\"28%\" \/> <\/colgroup>\n<tbody>\n<tr>\n<td colspan=\"2\" align=\"left\" valign=\"top\">Raum 0&#8217;115<br \/>\n<em>SAS9<\/em><\/td>\n<td colspan=\"2\" align=\"left\" valign=\"top\">Raum 0&#8217;110<br \/>\n<em>Statistik<\/em><\/td>\n<td colspan=\"2\" align=\"left\" valign=\"top\">Raum 0&#8217;101<br \/>\n<em>Datamining \/ Textmining<\/em><\/td>\n<\/tr>\n<tr>\n<td colspan=\"2\" align=\"left\" valign=\"top\">Sitzungsleitung: <em>R. Muche,<\/em><br \/>\nUniversit\u00e4t Ulm<\/td>\n<td colspan=\"2\" align=\"left\" valign=\"top\">Sitzungsleitung: <em>E. R\u00f6del,<\/em><br \/>\nHumboldt-Universit\u00e4t zu Berlin<\/td>\n<td colspan=\"2\" align=\"left\" valign=\"top\">Sitzungsleitung: <em>S. Mack,<\/em><br \/>\nSAS Institute GmbH<\/td>\n<\/tr>\n<tr>\n<td rowspan=\"3\" align=\"center\" valign=\"top\">9:00<br \/>\n&#8211;<br \/>\n10:30<\/td>\n<td rowspan=\"3\" align=\"left\" valign=\"top\" bgcolor=\"#e9edf5\"><em>R. Minkenberg<\/em><br \/>\nRepges &amp; Partner GmbH Aachen<a><\/p>\n<p><img decoding=\"async\" src=\"http:\/\/www2.hu-berlin.de\/ksfe\/KSFE2005\/bilder\/To.gif\" alt=\"\" width=\"7\" border=\"0\" \/>\u00a0Tutorium: Power- und Fallzahlanalyse mit SAS9<\/a><\/td>\n<td align=\"center\" valign=\"top\">9:00<\/td>\n<td align=\"left\" valign=\"top\" bgcolor=\"#e9edf5\"><em>B. J\u00e4ger, K.-E. Biebler<\/em><br \/>\nUniversit\u00e4t Greifswald<br \/>\n<em>P. E. Rudolph<\/em><br \/>\nFBN Dummerstorf<a><\/p>\n<p><img decoding=\"async\" src=\"http:\/\/www2.hu-berlin.de\/ksfe\/KSFE2005\/bilder\/To.gif\" alt=\"\" width=\"7\" border=\"0\" \/>\u00a0Sequenzielle Tests mit SAS<\/a><\/td>\n<td align=\"center\" valign=\"top\">9:00<\/td>\n<td align=\"left\" valign=\"top\" bgcolor=\"#e9edf5\"><em>St. Callsen, S. Steinberg<\/em><br \/>\nBauer Verlagsgruppe<a><\/p>\n<p><img decoding=\"async\" src=\"http:\/\/www2.hu-berlin.de\/ksfe\/KSFE2005\/bilder\/To.gif\" alt=\"\" width=\"7\" border=\"0\" \/>\u00a0Sch\u00e4tzung von Nachfragefunktionen und entgangener Verk\u00e4ufe im Verlagswesen mit Methoden des Data Mining<\/a><\/td>\n<\/tr>\n<tr>\n<td align=\"center\" valign=\"top\">9:30<\/td>\n<td align=\"left\" valign=\"top\" bgcolor=\"#e9edf5\"><em>D.-J. Deters, W. K\u00f6ssler, W. F. Lesener<\/em><br \/>\nHumboldt-Universit\u00e4t zu Berlin<a><\/p>\n<p><img decoding=\"async\" src=\"http:\/\/www2.hu-berlin.de\/ksfe\/KSFE2005\/bilder\/To.gif\" alt=\"\" width=\"7\" border=\"0\" \/>\u00a0Ein SAS-Bediensystem f\u00fcr Lokationstests<\/a><\/td>\n<td align=\"center\" valign=\"top\">9:30<\/td>\n<td align=\"left\" valign=\"top\" bgcolor=\"#e9edf5\"><em>H.-G. Lindner<\/em><br \/>\nFachhochschule Frankfurt am Main<a><\/p>\n<p><img decoding=\"async\" src=\"http:\/\/www2.hu-berlin.de\/ksfe\/KSFE2005\/bilder\/To.gif\" alt=\"\" width=\"7\" border=\"0\" \/>\u00a0Humankapitalbewertung mit SAS<\/a><\/td>\n<\/tr>\n<tr>\n<td align=\"center\" valign=\"top\">10:00<\/td>\n<td align=\"left\" valign=\"top\" bgcolor=\"#e9edf5\"><em>C. L\u00fctkebohmert, A. Gandy, U. Jensen<\/em><br \/>\nUniversit\u00e4t Hohenheim<a><\/p>\n<p><img decoding=\"async\" src=\"http:\/\/www2.hu-berlin.de\/ksfe\/KSFE2005\/bilder\/To.gif\" alt=\"\" width=\"7\" border=\"0\" \/>\u00a0Anwendung von Methoden der Survival Analysis auf ein versicherungs-mathematisches Problem<\/a><\/td>\n<td align=\"center\" valign=\"top\">10:00<\/td>\n<td align=\"left\" valign=\"top\" bgcolor=\"#e9edf5\"><em>O. Basegmez, L. Schmidt-Thieme<\/em><br \/>\nUniversit\u00e4t Freiburg<a><\/p>\n<p><img decoding=\"async\" src=\"http:\/\/www2.hu-berlin.de\/ksfe\/KSFE2005\/bilder\/To.gif\" alt=\"\" width=\"7\" border=\"0\" \/>\u00a0Vorhersage von Kundeninteresse und Kaufentscheidungen f\u00fcr Online-Beratungssysteme<\/a><\/td>\n<\/tr>\n<tr>\n<td align=\"center\" valign=\"top\">10:30<\/td>\n<td align=\"left\" valign=\"top\" bgcolor=\"#e9edf5\"><em>E. Moll<\/em><br \/>\nBiologische Bundesanstalt f\u00fcr Land- und Forstwirtschaft<a><\/p>\n<p><img decoding=\"async\" src=\"http:\/\/www2.hu-berlin.de\/ksfe\/KSFE2005\/bilder\/To.gif\" alt=\"\" width=\"7\" border=\"0\" \/>\u00a0SAS\/AF-Anwendung zur Planung und Auswertung ein- bis dreifaktorieller (vollst\u00e4ndiger) Feldversuchsanlagen<\/a><\/td>\n<td align=\"center\" valign=\"top\">10:30<\/td>\n<td align=\"left\" valign=\"top\" bgcolor=\"#e9edf5\"><em>J. Wellmann,<\/em><br \/>\nUniversit\u00e4t M\u00fcnster<br \/>\n<em>D. Taeger<\/em><br \/>\nBGFA Ruhr-Universit\u00e4t Bochum<br \/>\n<em>Th. Behrens<\/em><br \/>\nUniversit\u00e4t Bremen<br \/>\n<em>R. Kim, H. Maurer<\/em><br \/>\nUniversit\u00e4t M\u00fcnster<a><\/p>\n<p><img decoding=\"async\" src=\"http:\/\/www2.hu-berlin.de\/ksfe\/KSFE2005\/bilder\/To.gif\" alt=\"\" width=\"7\" border=\"0\" \/>\u00a0Relative Risiken aus einem log-linearen Modell unter Ber\u00fccksichtigung der Randbedingungen durch die SAS-Prozedur NLP<\/a><\/td>\n<td align=\"center\" valign=\"top\">10:30<\/td>\n<td align=\"left\" valign=\"top\" bgcolor=\"#e9edf5\"><em>F. Zander, T. Fern\u00e1ndez-Steeger<\/em><br \/>\nBauer Verlagsgruppe<a><\/p>\n<p><img decoding=\"async\" src=\"http:\/\/www2.hu-berlin.de\/ksfe\/KSFE2005\/bilder\/To.gif\" alt=\"\" width=\"7\" border=\"0\" \/>\u00a0Von Kundenhaltbarkeit und Kundenwert zum modernen Kundenservice &#8211; Entwicklung von Kundenwertmodellen und Optimierung der Kundenbindung<\/a><\/td>\n<\/tr>\n<tr>\n<td colspan=\"6\"><\/td>\n<\/tr>\n<tr>\n<td align=\"center\" valign=\"top\">11:00<br \/>\n&#8211;<br \/>\n11:30<\/td>\n<td colspan=\"5\" align=\"center\" valign=\"middle\" bgcolor=\"#e9edf5\">Pause<\/td>\n<\/tr>\n<tr>\n<td colspan=\"6\"><\/td>\n<\/tr>\n<tr>\n<td colspan=\"2\" align=\"left\" valign=\"top\">Raum 0&#8217;115<br \/>\n<em>SAS9<\/em><\/td>\n<td colspan=\"2\" align=\"left\" valign=\"top\">Raum 0&#8217;110<br \/>\n<em>Biometrie<\/em><\/td>\n<td colspan=\"2\" align=\"left\" valign=\"top\">Raum 0&#8217;101<br \/>\n<em>Lehre<\/em><\/td>\n<\/tr>\n<tr>\n<td colspan=\"2\" align=\"left\" valign=\"top\">Sitzungsleitung: <em>H.-P. Altenburg,<\/em><br \/>\nDKFZ Heidelberg<\/td>\n<td colspan=\"2\" align=\"left\" valign=\"top\">Sitzungsleitung: <em>H. Th\u00f6ni,<\/em><br \/>\nUniversit\u00e4t Hohenheim<\/td>\n<td colspan=\"2\" align=\"left\" valign=\"top\">Sitzungsleitung: <em>E. Schumacher,<\/em><br \/>\nUniversit\u00e4t Hohenheim<\/td>\n<\/tr>\n<tr>\n<td align=\"center\" valign=\"top\">11:30<\/td>\n<td align=\"left\" valign=\"top\" bgcolor=\"#e9edf5\"><em>R. Str\u00fcby<\/em><br \/>\nSAS Deutschland, Heidelberg<a><\/p>\n<p><img decoding=\"async\" src=\"http:\/\/www2.hu-berlin.de\/ksfe\/KSFE2005\/bilder\/To.gif\" alt=\"\" width=\"7\" border=\"0\" \/>\u00a0Analysekonzepte der 3. Generation des SAS Enterprise Guide<\/a><\/td>\n<td align=\"center\" valign=\"top\">11:30<\/td>\n<td align=\"left\" valign=\"top\" bgcolor=\"#e9edf5\"><em>J. M\u00f6hring, A. B\u00fcchse, H.-P. Piepho<\/em><br \/>\nUniversit\u00e4t Hohenheim<a><\/p>\n<p><img decoding=\"async\" src=\"http:\/\/www2.hu-berlin.de\/ksfe\/KSFE2005\/bilder\/To.gif\" alt=\"\" width=\"7\" border=\"0\" \/>\u00a0Auswertung von landwirtschaftlichen Sortenversuchen mit PROC MIXED &#8211; Spagat zwischen Theorie und Praxis<\/a><\/td>\n<td align=\"center\" valign=\"top\">11:30<\/td>\n<td align=\"left\" valign=\"top\" bgcolor=\"#e9edf5\"><em>A. Christmann, M. Th\u00f6ne, G. Knapp, J. Hartung<\/em><br \/>\nUniversit\u00e4t Dortmund<a><\/p>\n<p><img decoding=\"async\" src=\"http:\/\/www2.hu-berlin.de\/ksfe\/KSFE2005\/bilder\/To.gif\" alt=\"\" width=\"7\" border=\"0\" \/>\u00a0SAS Software in der Lehre des FB Statistik der Universit\u00e4t Dortmund<br \/>\n&#8211; Ein Erfahrungsbericht &#8211;<\/a><\/td>\n<\/tr>\n<tr>\n<td align=\"center\" valign=\"top\">12:00<\/td>\n<td align=\"left\" valign=\"top\" bgcolor=\"#e9edf5\"><em>W. F. Lesener<\/em><br \/>\nHumboldt-Universit\u00e4t zu Berlin<a><\/p>\n<p><img decoding=\"async\" src=\"http:\/\/www2.hu-berlin.de\/ksfe\/KSFE2005\/bilder\/To.gif\" alt=\"\" width=\"7\" border=\"0\" \/>\u00a0Interaktive Landkarten mit SAS9<\/a><\/td>\n<td align=\"center\" valign=\"top\">12:00<\/td>\n<td align=\"left\" valign=\"top\" bgcolor=\"#e9edf5\"><em>A. Zenk, V. Michel<\/em><br \/>\nLandesforschungsanstalt f\u00fcr Landwirtschaft und Fischerei MVP<br \/>\n<em>J. M\u00f6hring<\/em><br \/>\nUniversit\u00e4t Hohenheim<a><\/p>\n<p><img decoding=\"async\" src=\"http:\/\/www2.hu-berlin.de\/ksfe\/KSFE2005\/bilder\/To.gif\" alt=\"\" width=\"7\" border=\"0\" \/>\u00a0Einbindung neuer Modelle zur Routineauswertung von landwirtschaftlichen Versuchen mit Hilfe von SAS-Makros<\/a><\/td>\n<td align=\"center\" valign=\"top\">12:00<\/td>\n<td align=\"left\" valign=\"top\" bgcolor=\"#e9edf5\"><em>M. Falk, F. Marohn, B. Tewes, D. Hofmann, M. Macke, P. Dinges, R. Michel<\/em><br \/>\nUniversit\u00e4t W\u00fcrzburg<a><\/p>\n<p><img decoding=\"async\" src=\"http:\/\/www2.hu-berlin.de\/ksfe\/KSFE2005\/bilder\/To.gif\" alt=\"\" width=\"7\" border=\"0\" \/>\u00a0&#8222;A First Course on Time Series Analysis with SAS&#8220;, ein Open-Source Projekt<\/a><\/td>\n<\/tr>\n<tr>\n<td align=\"center\" valign=\"top\">12:30<\/td>\n<td align=\"left\" valign=\"top\" bgcolor=\"#e9edf5\"><em>J. Schr\u00f6der<\/em><br \/>\nSAS Deutschland, Heidelberg<a><\/p>\n<p><img decoding=\"async\" src=\"http:\/\/www2.hu-berlin.de\/ksfe\/KSFE2005\/bilder\/To.gif\" alt=\"\" width=\"7\" border=\"0\" \/>\u00a0Basel II \/ Risikomanagement<\/a><\/td>\n<td align=\"center\" valign=\"top\">12:30<\/td>\n<td align=\"left\" valign=\"top\" bgcolor=\"#e9edf5\"><em>J. Spilke, N. Mielenz<\/em><br \/>\nMartin-Luther-Universit\u00e4t Halle-Wittenberg<a><\/p>\n<p><img decoding=\"async\" src=\"http:\/\/www2.hu-berlin.de\/ksfe\/KSFE2005\/bilder\/To.gif\" alt=\"\" width=\"7\" border=\"0\" \/>\u00a0Nutzung von Gibbs-Sampling f\u00fcr die Sch\u00e4tzung fester Effekte und Hypothesenpr\u00fcfung bei kleinen und unbalancierten Daten &#8211; eine Simulationsstudie<\/a><\/td>\n<td align=\"center\" valign=\"top\">12:30<\/td>\n<td align=\"left\" valign=\"top\" bgcolor=\"#e9edf5\"><em>H.-G. Lindner<\/em><br \/>\nFachhochschule Frankfurt am Main<a><\/p>\n<p><img decoding=\"async\" src=\"http:\/\/www2.hu-berlin.de\/ksfe\/KSFE2005\/bilder\/To.gif\" alt=\"\" width=\"7\" border=\"0\" \/>\u00a0Einsatz des Enterprise Guide in der Lehre: Data Warehousing zum Anfassen und Explorieren<\/a><\/td>\n<\/tr>\n<tr>\n<td colspan=\"6\"><\/td>\n<\/tr>\n<tr>\n<td align=\"center\" valign=\"top\">13:00<br \/>\n&#8211;<br \/>\n14:00<\/td>\n<td colspan=\"5\" align=\"center\" valign=\"middle\" bgcolor=\"#e9edf5\">Pause<\/td>\n<\/tr>\n<tr>\n<td colspan=\"6\"><\/td>\n<\/tr>\n<tr>\n<td colspan=\"6\" align=\"left\" valign=\"top\">Raum 0&#8217;115\u00a0\u00a0\u00a0<em>Abschluss<\/em><\/td>\n<\/tr>\n<tr>\n<td colspan=\"6\" align=\"left\" valign=\"top\">Leitung: <em>R.-H. B\u00f6deker,<\/em> Vorstand des Vereins &#8222;Kooperation der SAS Anwender in Forschung und Entwicklung e.V.&#8220;<\/td>\n<\/tr>\n<tr>\n<td align=\"center\" valign=\"top\">14:00<br \/>\n&#8211;<br \/>\nca. 14:30<\/td>\n<td colspan=\"5\" align=\"left\" valign=\"top\" bgcolor=\"#e9edf5\">Best Paper Award der 9. KSFE 2005<\/p>\n<p>Ausblick auf die 10. KSFE 2006<\/td>\n<\/tr>\n<tr>\n<td colspan=\"6\" align=\"right\"><\/td>\n<\/tr>\n<\/tbody>\n<\/table>\n","protected":false},"excerpt":{"rendered":"<p>Donnerstag, 3. M\u00e4rz 2005 Raum 0&#8217;115\u00a0\u00a0\u00a0Er\u00f6ffnung Chairman: Prof. Dr. E. R\u00f6del, Humboldt-Universit\u00e4t zu Berlin 9:30 &#8211; 10:30 Begr\u00fc\u00dfungsworte und Er\u00f6ffnung der 9. KSFE Prof. Dr. Egmar R\u00f6del, Chairman der 9. KSFE Dr. Peter Schirmbacher, Direktor des Computer- und Medienservice der &hellip; <a href=\"https:\/\/ksfe-ev.de\/cms\/archiv\/ksfe2014vortrage-2\/\">Weiterlesen <span class=\"meta-nav\">&rarr;<\/span><\/a><\/p>\n","protected":false},"author":1,"featured_media":0,"parent":38,"menu_order":6,"comment_status":"closed","ping_status":"closed","template":"sidebar-page.php","meta":[],"_links":{"self":[{"href":"https:\/\/ksfe-ev.de\/cms\/wp-json\/wp\/v2\/pages\/520"}],"collection":[{"href":"https:\/\/ksfe-ev.de\/cms\/wp-json\/wp\/v2\/pages"}],"about":[{"href":"https:\/\/ksfe-ev.de\/cms\/wp-json\/wp\/v2\/types\/page"}],"author":[{"embeddable":true,"href":"https:\/\/ksfe-ev.de\/cms\/wp-json\/wp\/v2\/users\/1"}],"replies":[{"embeddable":true,"href":"https:\/\/ksfe-ev.de\/cms\/wp-json\/wp\/v2\/comments?post=520"}],"version-history":[{"count":2,"href":"https:\/\/ksfe-ev.de\/cms\/wp-json\/wp\/v2\/pages\/520\/revisions"}],"predecessor-version":[{"id":577,"href":"https:\/\/ksfe-ev.de\/cms\/wp-json\/wp\/v2\/pages\/520\/revisions\/577"}],"up":[{"embeddable":true,"href":"https:\/\/ksfe-ev.de\/cms\/wp-json\/wp\/v2\/pages\/38"}],"wp:attachment":[{"href":"https:\/\/ksfe-ev.de\/cms\/wp-json\/wp\/v2\/media?parent=520"}],"curies":[{"name":"wp","href":"https:\/\/api.w.org\/{rel}","templated":true}]}}