{"id":52,"date":"2012-04-07T19:22:23","date_gmt":"2012-04-07T19:22:23","guid":{"rendered":"http:\/\/ksfe-ev.de\/cms\/?page_id=52"},"modified":"2019-01-21T21:32:22","modified_gmt":"2019-01-21T21:32:22","slug":"impressum","status":"publish","type":"page","link":"https:\/\/ksfe-ev.de\/cms\/impressum\/","title":{"rendered":"Impressum"},"content":{"rendered":"<p><strong>Anschrift <\/strong><br \/>\nKSFE e.V.<br \/>\nRalf Minkenberg, Vorsitzender<br \/>\nWackernheimerstr. 7<br \/>\n55218 Ingelheim\/Rhein<br \/>\nEmail: <a href=\"mailto:vorstand@ksfe-ev.de\">vorstand@ksfe-ev.de<\/a><\/p>\n<p><strong>Haftungsausschluss: <\/strong><br \/>\nEine Haftung f\u00fcr die Richtigkeit, Vollst\u00e4ndigkeit und Aktualit\u00e4t dieser Webseiten kann trotz sorgf\u00e4ltiger Pr\u00fcfung nicht \u00fcbernommen werden. Der KFSE e.V. \u00fcbernimmt insbesondere keine Haftung f\u00fcr eventuelle Sch\u00e4den oder Konsequenzen, die durch direkte oder indirekte Nutzung der angebotenen Inhalte entstehen.<\/p>\n<p><strong>Linkdistanzierung <\/strong><br \/>\nDer KFSE e.V. ist als Inhaltsanbieter f\u00fcr die eigenen Inhalte, die er zur Nutzung bereith\u00e4lt, nach den allgemeinen Gesetzen verantwortlich. Von diesen eigenen Inhalten sind Querverweise (externe Links) zu unterscheiden. F\u00fcr illegale, fehlerhafte oder unvollst\u00e4ndige Inhalte und insbesondere f\u00fcr eventuelle Sch\u00e4den, die aus der Nutzung dieser Inhalte entstehen, haftet ausschlie\u00dflich der Anbieter der Seite, auf die verwiesen wurde.<\/p>\n<p><strong>Copyright <\/strong><br \/>\nCopyright 2004-2013, KSFE e.V. Alle Rechte vorbehalten.<\/p>\n<p>Alle auf dieser Website ver\u00f6ffentlichten Inhalte unterliegen dem Urheberrecht. Jede vom Urheberrecht nicht zugelassene Verwertung bedarf vorheriger ausdr\u00fccklicher Zustimmung des KFSE e.V. Dies gilt insbesondere f\u00fcr Vervielf\u00e4ltigungen, Bearbeitung, \u00dcbersetzung, Einspeicherung, Verarbeitung bzw. Wiedergabe von Inhalten in Datenbanken oder anderen elektronischen Medien und Systemen.<\/p>\n<p><strong>Design und Herstellung\u00a0<\/strong><br \/>\nKSFE e.V.<a href=\"mailto:weiss@wiid.wiwi.tu-dresden.de\" target=\"_blank\" rel=\"noopener\"><br \/>\n<\/a><\/p>\n","protected":false},"excerpt":{"rendered":"<p>Anschrift KSFE e.V. Ralf Minkenberg, Vorsitzender Wackernheimerstr. 7 55218 Ingelheim\/Rhein Email: vorstand@ksfe-ev.de Haftungsausschluss: Eine Haftung f\u00fcr die Richtigkeit, Vollst\u00e4ndigkeit und Aktualit\u00e4t dieser Webseiten kann trotz sorgf\u00e4ltiger Pr\u00fcfung nicht \u00fcbernommen werden. Der KFSE e.V. \u00fcbernimmt insbesondere keine Haftung f\u00fcr eventuelle Sch\u00e4den &hellip; <a href=\"https:\/\/ksfe-ev.de\/cms\/impressum\/\">Weiterlesen <span class=\"meta-nav\">&rarr;<\/span><\/a><\/p>\n","protected":false},"author":1,"featured_media":0,"parent":0,"menu_order":10,"comment_status":"closed","ping_status":"closed","template":"sidebar-page.php","meta":[],"_links":{"self":[{"href":"https:\/\/ksfe-ev.de\/cms\/wp-json\/wp\/v2\/pages\/52"}],"collection":[{"href":"https:\/\/ksfe-ev.de\/cms\/wp-json\/wp\/v2\/pages"}],"about":[{"href":"https:\/\/ksfe-ev.de\/cms\/wp-json\/wp\/v2\/types\/page"}],"author":[{"embeddable":true,"href":"https:\/\/ksfe-ev.de\/cms\/wp-json\/wp\/v2\/users\/1"}],"replies":[{"embeddable":true,"href":"https:\/\/ksfe-ev.de\/cms\/wp-json\/wp\/v2\/comments?post=52"}],"version-history":[{"count":11,"href":"https:\/\/ksfe-ev.de\/cms\/wp-json\/wp\/v2\/pages\/52\/revisions"}],"predecessor-version":[{"id":2856,"href":"https:\/\/ksfe-ev.de\/cms\/wp-json\/wp\/v2\/pages\/52\/revisions\/2856"}],"wp:attachment":[{"href":"https:\/\/ksfe-ev.de\/cms\/wp-json\/wp\/v2\/media?parent=52"}],"curies":[{"name":"wp","href":"https:\/\/api.w.org\/{rel}","templated":true}]}}