{"id":50,"date":"2012-04-07T19:21:41","date_gmt":"2012-04-07T19:21:41","guid":{"rendered":"http:\/\/ksfe-ev.de\/cms\/?page_id=50"},"modified":"2018-11-11T21:19:45","modified_gmt":"2018-11-11T21:19:45","slug":"mitgliedschaft","status":"publish","type":"page","link":"https:\/\/ksfe-ev.de\/cms\/home\/mitgliedschaft\/","title":{"rendered":"Mitgliedschaft"},"content":{"rendered":"<p><strong>Mitgliedschaft im KSFE e.V.<\/strong><\/p>\n<p>Neue Mitglieder im KSFE e.V. sind stets herzlich willkommen.<br \/>\nWir unterscheiden zwei Formen der Mitgliedschaft:<\/p>\n<ul>\n<li>die Ordentliche Mitgliedschaft<\/li>\n<li>die F\u00f6rder-Mitgliedschaft<\/li>\n<\/ul>\n<p>Die Rechte und Pflichten unserer Vereinsmitglieder regelt die <a title=\"Satzung\" href=\"http:\/\/ksfe-ev.de\/cms\/wp-content\/uploads\/2012\/04\/Satzung.pdf\" target=\"_blank\" rel=\"noopener\">Satzung<\/a> im Teil B und den Paragrafen 5-7.<\/p>\n<p>Die H\u00f6he des Mitgliedsbeitrags richtet sich nach der Art der Mitgliedschaft und betr\u00e4gt derzeit<\/p>\n<ul>\n<li>f\u00fcr Ordentliche Mitglieder: 30,- \u20ac<\/li>\n<li>f\u00fcr F\u00f6rder-Mitglieder: mindestens 100,- \u20ac<\/li>\n<\/ul>\n<p>Er wird einmal j\u00e4hrlich zum Beitrittsdatum bzw. zum 15. M\u00e4rz f\u00e4llig. Die Rechnung und die Zuwendungsbest\u00e4tigung (ehem. Spendenquittung) zur Verwendung beim Finanzamt werden den Mitgliedern automatisch zugestellt.<\/p>\n<p>Wenn Sie Interesse an einer Mitgliedschaft haben, senden Sie bitte per Post die unterzeichnete\u00a0<a title=\"Mitgliedserkl\u00e4rung\" href=\"http:\/\/ksfe-ev.de\/cms\/wp-content\/uploads\/2018\/11\/Mitgliedserklaerung.pdf\" target=\"_blank\" rel=\"noopener\">Mitgliedserkl\u00e4rung<\/a> als Antrag auf Mitgliedschaft an die:<\/p>\n<p>KSFE e.V.<br \/>\nRalf Minkenberg, Vorsitzender<br \/>\nWackernheimerstr. 7<br \/>\n55218 Ingelheim\/Rhein<\/p>\n<p>Da wir alle ehrenamtlich und nebenberuflich f\u00fcr den Verein arbeiten, bitten wir neue Mitglieder um Zustimmung zur Teilnahme am Lastschriftverfahren zum Einzug der Mitgliedsbeitr\u00e4ge, um den Arbeitsaufwand ein wenig zu minimieren.<\/p>\n","protected":false},"excerpt":{"rendered":"<p>Mitgliedschaft im KSFE e.V. Neue Mitglieder im KSFE e.V. sind stets herzlich willkommen. Wir unterscheiden zwei Formen der Mitgliedschaft: die Ordentliche Mitgliedschaft die F\u00f6rder-Mitgliedschaft Die Rechte und Pflichten unserer Vereinsmitglieder regelt die Satzung im Teil B und den Paragrafen 5-7. &hellip; <a href=\"https:\/\/ksfe-ev.de\/cms\/home\/mitgliedschaft\/\">Weiterlesen <span class=\"meta-nav\">&rarr;<\/span><\/a><\/p>\n","protected":false},"author":1,"featured_media":0,"parent":15,"menu_order":5,"comment_status":"closed","ping_status":"closed","template":"sidebar-page.php","meta":[],"_links":{"self":[{"href":"https:\/\/ksfe-ev.de\/cms\/wp-json\/wp\/v2\/pages\/50"}],"collection":[{"href":"https:\/\/ksfe-ev.de\/cms\/wp-json\/wp\/v2\/pages"}],"about":[{"href":"https:\/\/ksfe-ev.de\/cms\/wp-json\/wp\/v2\/types\/page"}],"author":[{"embeddable":true,"href":"https:\/\/ksfe-ev.de\/cms\/wp-json\/wp\/v2\/users\/1"}],"replies":[{"embeddable":true,"href":"https:\/\/ksfe-ev.de\/cms\/wp-json\/wp\/v2\/comments?post=50"}],"version-history":[{"count":11,"href":"https:\/\/ksfe-ev.de\/cms\/wp-json\/wp\/v2\/pages\/50\/revisions"}],"predecessor-version":[{"id":2854,"href":"https:\/\/ksfe-ev.de\/cms\/wp-json\/wp\/v2\/pages\/50\/revisions\/2854"}],"up":[{"embeddable":true,"href":"https:\/\/ksfe-ev.de\/cms\/wp-json\/wp\/v2\/pages\/15"}],"wp:attachment":[{"href":"https:\/\/ksfe-ev.de\/cms\/wp-json\/wp\/v2\/media?parent=50"}],"curies":[{"name":"wp","href":"https:\/\/api.w.org\/{rel}","templated":true}]}}