{"id":471,"date":"2012-04-08T21:21:48","date_gmt":"2012-04-08T21:21:48","guid":{"rendered":"http:\/\/ksfe-ev.de\/cms\/?page_id=471"},"modified":"2012-04-09T08:15:10","modified_gmt":"2012-04-09T08:15:10","slug":"vortrage","status":"publish","type":"page","link":"https:\/\/ksfe-ev.de\/cms\/archiv\/vortrage\/","title":{"rendered":"Vortr\u00e4ge"},"content":{"rendered":"<p><center><\/p>\n<h3><em> <span style=\"color: #ff0000;\"> Donnerstag, 5. M\u00e4rz 2009 <\/span><\/em><\/h3>\n<p><\/center><\/p>\n<table cellpadding=\"5\">\n<colgroup>\n<col width=\"5%\" \/>\n<col width=\"28%\" \/>\n<col width=\"5%\" \/>\n<col width=\"29%\" \/>\n<col width=\"5%\" \/>\n<col width=\"28%\" \/> <\/colgroup>\n<tbody>\n<tr>\n<td colspan=\"6\" align=\"center\" valign=\"top\">Aula der Universit\u00e4t Halle im L\u00f6wengeb\u00e4ude<br \/>\n<em>Er\u00f6ffnung<\/em><\/td>\n<\/tr>\n<tr>\n<td colspan=\"6\" align=\"center\" valign=\"top\">Sitzungsleitung: <em>J. Spilke,<\/em> Universit\u00e4t Halle<\/td>\n<\/tr>\n<tr>\n<td align=\"center\" valign=\"top\">9:30<br \/>\n&#8211;<br \/>\n11:00<\/td>\n<td colspan=\"5\" align=\"left\" valign=\"top\" bgcolor=\"#e9edf5\">Begr\u00fc\u00dfungsworte und Er\u00f6ffnung der 13. KSFE<\/p>\n<ul>\n<li><em>Prof. Dr. W. Diepenbrock<\/em>, Rektor der Martin-Luther-Universit\u00e4t Halle-Wittenberg<\/li>\n<li><em>J\u00fcrgen Fritz<\/em>, Mitglied der Gesch\u00e4ftsleitung SAS Deutschland<\/li>\n<li><em>Dr. Erich Schumacher<\/em>, Vorsitzender KSFEe.V.<\/li>\n<\/ul>\n<p><strong>Er\u00f6ffnungsvortrag<\/strong><br \/>\n<em>R. Maier,<\/em><br \/>\nLeopold-Franzens-Universit\u00e4t Innsbruck<\/p>\n<p><a><img decoding=\"async\" src=\"http:\/\/www.ksfe2009.uni-halle.de\/To.gif\" alt=\"\" width=\"7\" border=\"0\" \/>\u00a0MATURE: Gestaltung von Individuation, Interaktion und In-Form-ation in Prozessen der Wissensreifung<\/a><\/td>\n<\/tr>\n<tr>\n<td colspan=\"6\"><\/td>\n<\/tr>\n<tr>\n<td colspan=\"6\"><\/td>\n<\/tr>\n<tr>\n<td align=\"center\" valign=\"top\">11:00<br \/>\n&#8211;<br \/>\n11:30<\/td>\n<td colspan=\"5\" align=\"center\" valign=\"middle\" bgcolor=\"#e9edf5\">Kaffeepause im Auditorium Maximum<\/td>\n<\/tr>\n<tr>\n<td colspan=\"6\"><\/td>\n<\/tr>\n<tr>\n<td colspan=\"2\" align=\"left\" valign=\"top\">HS XXII<br \/>\n<em>SAS im Landwirtschaftlichen Versuchswesen<\/em><\/td>\n<td colspan=\"2\" align=\"left\" valign=\"top\">HS XXIII<br \/>\n<em>SAS in der Medizin<\/em><\/td>\n<td colspan=\"2\" align=\"left\" valign=\"top\">Audimax<br \/>\n<em>SAS bei gro\u00dfen Datenmengen<\/em><\/td>\n<\/tr>\n<tr>\n<td colspan=\"2\" align=\"left\" valign=\"top\">Sitzungsleitung: <em>H. Th\u00f6ni<\/em>,<br \/>\nUniversit\u00e4t Hohenheim<\/td>\n<td colspan=\"2\" align=\"left\" valign=\"top\">Sitzungsleitung: <em>J. Haerting<\/em>,<br \/>\nUniversit\u00e4t Halle<\/td>\n<td colspan=\"2\" align=\"left\" valign=\"top\">Sitzungsleitung: <em>W. F. Lesener<\/em>,<br \/>\nHumboldt-Universit\u00e4t zu Berlin<\/td>\n<\/tr>\n<tr>\n<td align=\"center\" valign=\"top\">11:30<\/td>\n<td rowspan=\"1\" align=\"left\" valign=\"top\" bgcolor=\"#e9edf5\"><em>E. Moll,<\/em><br \/>\nJulius K\u00fchn-Institut, Kleinmachnow<br \/>\n<a><br \/>\n<img decoding=\"async\" src=\"http:\/\/www.ksfe2009.uni-halle.de\/To.gif\" alt=\"\" width=\"7\" align=\"middle\" border=\"0\" \/>\u00a0Planung und Auswertung von Versuchen zur partiellen Resistenz von Getreide\u00adsortimenten mit Hilfe der SAS\/AF-Anwendung RESI\u00a02<\/a><\/td>\n<td align=\"center\" valign=\"top\">11:30<\/td>\n<td rowspan=\"1\" align=\"left\" valign=\"top\" bgcolor=\"#e9edf5\"><em>M. Weyhm\u00fcller,<\/em><br \/>\nUniversit\u00e4t Ulm<br \/>\n<em>A. Ring,<\/em><br \/>\nBoehringer Ingelheim Pharma GmbH &amp; Co. KG<br \/>\n<a><br \/>\n<img decoding=\"async\" src=\"http:\/\/www.ksfe2009.uni-halle.de\/To.gif\" alt=\"\" width=\"7\" align=\"middle\" border=\"0\" \/>\u00a0Verbesserungen nichtparametrischer Verfahren zur Sch\u00e4tzung der Zeit bis zum Erreichen des &#8222;steady states&#8220;<\/a><\/td>\n<td rowspan=\"3\" align=\"center\" valign=\"top\">11:30<br \/>\n&#8211;<br \/>\n13:00<\/td>\n<td rowspan=\"3\" align=\"left\" valign=\"top\" bgcolor=\"#e9edf5\"><em>U. Reincke,<\/em><br \/>\nSAS Deutschland<br \/>\n<a><br \/>\n<img decoding=\"async\" src=\"http:\/\/www.ksfe2009.uni-halle.de\/To.gif\" alt=\"\" width=\"7\" align=\"middle\" border=\"0\" \/>\u00a0Panoptikum extremer analytischer Projekte<\/a><\/td>\n<\/tr>\n<tr>\n<td align=\"center\" valign=\"top\">12:00<\/td>\n<td rowspan=\"1\" align=\"left\" valign=\"top\" bgcolor=\"#e9edf5\"><em>A. B\u00fcchse, M. Klein,<\/em><br \/>\nBASF Agrarzentrum, Limburgerhof<br \/>\n<em>G. Pfister,<\/em> iCASUS GmbH<br \/>\n<a><br \/>\n<img decoding=\"async\" src=\"http:\/\/www.ksfe2009.uni-halle.de\/To.gif\" alt=\"\" width=\"7\" align=\"middle\" border=\"0\" \/>\u00a0SAS-AMO, Stored Processes und SAS Foundation \u2013 Nutzung der SAS-BI-Landschaft in der Pflanzenschutzmittelforschung<\/a><\/td>\n<td align=\"center\" valign=\"top\">12:00<\/td>\n<td rowspan=\"1\" align=\"left\" valign=\"top\" bgcolor=\"#e9edf5\"><em>H.-P. Altenburg,<\/em><br \/>\nSiemens Healthcare Diagnostics Products GmbH, Marburg<br \/>\n<a><br \/>\n<img decoding=\"async\" src=\"http:\/\/www.ksfe2009.uni-halle.de\/To.gif\" alt=\"\" width=\"7\" align=\"middle\" border=\"0\" \/>\u00a0Analyse von ROC-Kurven mit Hilfe von SAS<\/a><\/td>\n<\/tr>\n<tr>\n<td align=\"center\" valign=\"top\">12:30<\/td>\n<td rowspan=\"1\" align=\"left\" valign=\"top\" bgcolor=\"#e9edf5\"><em>C. Richter, B. Kroschewski,<\/em><br \/>\nHumboldt-Universit\u00e4t zu Berlin<br \/>\n<a><br \/>\n<img decoding=\"async\" src=\"http:\/\/www.ksfe2009.uni-halle.de\/To.gif\" alt=\"\" width=\"7\" align=\"middle\" border=\"0\" \/>\u00a0R\u00e4umliche Modelle in landwirt\u00adschaftlichen Feld\u00adversuchen \u2013 Abh\u00e4ngigkeit der Ergebnisse von Versuchs\u00adplan, Randomisationsplan und Position auf der Versuchs\u00adfl\u00e4che<\/a><\/td>\n<td align=\"center\" valign=\"top\">12:30<\/td>\n<td rowspan=\"1\" align=\"left\" valign=\"top\" bgcolor=\"#e9edf5\"><em>H. Ramroth,<\/em><br \/>\nUniversit\u00e4t Heidelberg<br \/>\n<a><br \/>\n<img decoding=\"async\" src=\"http:\/\/www.ksfe2009.uni-halle.de\/To.gif\" alt=\"\" width=\"7\" align=\"middle\" border=\"0\" \/>\u00a0Zwei Makros zur Kombination von deskriptiven und analytischen Ergebnissen aus klinisch-\/epidemiologischen Studien<\/a><\/td>\n<\/tr>\n<tr>\n<td colspan=\"6\"><\/td>\n<\/tr>\n<tr>\n<td align=\"center\" valign=\"top\">13:00<br \/>\n&#8211;<br \/>\n14:00<\/td>\n<td colspan=\"5\" align=\"center\" valign=\"middle\" bgcolor=\"#e9edf5\">Mittagspause<\/p>\n<p>ab 13:30\u00a0\u00a0<a><img decoding=\"async\" src=\"http:\/\/www.ksfe2009.uni-halle.de\/To.gif\" alt=\"\" width=\"7\" border=\"0\" \/> Posterpr\u00e4sentation<\/a><\/td>\n<\/tr>\n<tr>\n<td colspan=\"6\"><\/td>\n<\/tr>\n<tr>\n<td colspan=\"2\" align=\"left\" valign=\"top\">HS XXII<br \/>\n<em>Planung und Auswertung von Versuchen<\/em><\/td>\n<td colspan=\"2\" align=\"left\" valign=\"top\">HS XXIII<br \/>\n<em>Data Mining \/ Web Mining \/ Datenmanagement<\/em><\/td>\n<td colspan=\"2\" align=\"left\" valign=\"top\">Audimax<br \/>\n<em>Effiziente Programmierung in SAS<\/em><\/td>\n<\/tr>\n<tr>\n<td colspan=\"2\" align=\"left\" valign=\"top\">Sitzungsleitung: <em>N. Mielenz<\/em>,<br \/>\nUniversit\u00e4t Halle<\/td>\n<td colspan=\"2\" align=\"left\" valign=\"top\">Sitzungsleitung: <em>C. Becker<\/em>,<br \/>\nUniversit\u00e4t Halle<\/td>\n<td colspan=\"2\" align=\"left\" valign=\"top\">Sitzungsleitung: <em>C. Ortseifen<\/em>,<br \/>\nUniversit\u00e4t Heidelberg<\/td>\n<\/tr>\n<tr>\n<td align=\"center\" valign=\"top\">14:00<\/td>\n<td rowspan=\"1\" align=\"left\" valign=\"top\" bgcolor=\"#e9edf5\"><em>R. Str\u00fcby,<\/em><br \/>\nSAS Deutschland<br \/>\n<a><br \/>\n<img decoding=\"async\" src=\"http:\/\/www.ksfe2009.uni-halle.de\/To.gif\" alt=\"\" width=\"7\" align=\"middle\" border=\"0\" \/>\u00a0STAT-Studio &#8211; interaktive Analytik und Entwicklungs\u00adplattform<\/a><\/td>\n<td align=\"center\" valign=\"top\">14:00<\/td>\n<td rowspan=\"1\" align=\"left\" valign=\"top\" bgcolor=\"#e9edf5\"><em>M. Westphal, N. Brauns, S. Steinberg,<\/em><br \/>\nBauer Systems KG \u2013 Bauer Verlagsgruppe Hamburg<br \/>\n<a><br \/>\n<img decoding=\"async\" src=\"http:\/\/www.ksfe2009.uni-halle.de\/To.gif\" alt=\"\" width=\"7\" align=\"middle\" border=\"0\" \/>\u00a0Individuelle Clusterung, oder: Womit kann man Bayern vergleichen?<\/a><\/td>\n<td rowspan=\"3\" align=\"center\" valign=\"top\">14:00<br \/>\n&#8211;<br \/>\n15:30<\/td>\n<td rowspan=\"3\" align=\"left\" valign=\"top\" bgcolor=\"#e9edf5\"><em>A. Bachert,<\/em><br \/>\nHMS Analytical Software GmbH, Heidelberg<br \/>\n<a><br \/>\n<img decoding=\"async\" src=\"http:\/\/www.ksfe2009.uni-halle.de\/To.gif\" alt=\"\" width=\"7\" align=\"middle\" border=\"0\" \/>\u00a0SAS-Programme f\u00fcr Anwender verf\u00fcgbar machen mit Stored Processes<\/a><\/td>\n<\/tr>\n<tr>\n<td align=\"center\" valign=\"top\">14:30<\/td>\n<td rowspan=\"1\" align=\"left\" valign=\"top\" bgcolor=\"#e9edf5\"><em>H. St\u00fcrzl, C. Gutenbrunner,<\/em><br \/>\nSiemens Healthcare Diagnostics Products GmbH, Marburg<br \/>\n<a><br \/>\n<img decoding=\"async\" src=\"http:\/\/www.ksfe2009.uni-halle.de\/To.gif\" alt=\"\" width=\"7\" align=\"middle\" border=\"0\" \/>\u00a0SAS Makro UNISTATS &#8211; Ein universelles Werkzeug<\/a><\/td>\n<td align=\"center\" valign=\"top\">14:30<\/td>\n<td rowspan=\"1\" align=\"left\" valign=\"top\" bgcolor=\"#e9edf5\"><em>F. Zander, C. Scherkl, T. Steinberg,<\/em><br \/>\nBauer Systems KG \u2013 Bauer Verlagsgruppe Hamburg<br \/>\n<a><br \/>\n<img decoding=\"async\" src=\"http:\/\/www.ksfe2009.uni-halle.de\/To.gif\" alt=\"\" width=\"7\" align=\"middle\" border=\"0\" \/>\u00a0Qualit\u00e4tskennzahlen f\u00fcr den Inbound<\/a><\/td>\n<\/tr>\n<tr>\n<td align=\"center\" valign=\"top\">15:00<\/td>\n<td rowspan=\"1\" align=\"left\" valign=\"top\" bgcolor=\"#e9edf5\"><em>P. R. Warnat,<\/em><br \/>\nHMS Analytical Software GmbH, Heidelberg<br \/>\n<a><br \/>\n<img decoding=\"async\" src=\"http:\/\/www.ksfe2009.uni-halle.de\/To.gif\" alt=\"\" width=\"7\" align=\"middle\" border=\"0\" \/>\u00a0Statistische Versuchs\u00adplanung und -auswertung mit der JMP Software: ein Praxisbeispiel<\/a><\/td>\n<td align=\"center\" valign=\"top\">15:00<\/td>\n<td rowspan=\"1\" align=\"left\" valign=\"top\" bgcolor=\"#e9edf5\"><em>A. Wagner, J. Krobot,<\/em><br \/>\nMSD Sharp &amp; Dohme GmbH, Haar bei M\u00fcnchen<br \/>\n<a><br \/>\n<img decoding=\"async\" src=\"http:\/\/www.ksfe2009.uni-halle.de\/To.gif\" alt=\"\" width=\"7\" align=\"middle\" border=\"0\" \/>\u00a0Aktuariell diskontiertes \u00dcberleben aus webbasierten Rohdatenbanken<\/a><\/td>\n<\/tr>\n<tr>\n<td align=\"center\" valign=\"top\">15:30<\/td>\n<td rowspan=\"1\" align=\"left\" valign=\"top\" bgcolor=\"#e9edf5\"><em>V. Nedbal,<\/em><br \/>\nSAS Frankreich<br \/>\n<a><br \/>\n<img decoding=\"async\" src=\"http:\/\/www.ksfe2009.uni-halle.de\/To.gif\" alt=\"\" width=\"7\" align=\"middle\" border=\"0\" \/>\u00a0New Ways of Visual Analytics powered by SAS Visual BI<\/a><\/td>\n<td align=\"center\" valign=\"top\">15:30<\/td>\n<td rowspan=\"1\" align=\"left\" valign=\"top\" bgcolor=\"#e9edf5\"><em>C. Meurer, G. L\u00fcckel<\/em><br \/>\nAccovion GmbH, Eschborn<br \/>\n<a><br \/>\n<img decoding=\"async\" src=\"http:\/\/www.ksfe2009.uni-halle.de\/To.gif\" alt=\"\" width=\"7\" align=\"middle\" border=\"0\" \/>\u00a0SAS<sup>\u00ae<\/sup>-Makro zur automatisierten \u00c4nderungskontrolle von SAS<sup>\u00ae<\/sup>-Datens\u00e4tzen und -Outputs<\/a><\/td>\n<td align=\"center\" valign=\"top\">15:30<\/td>\n<td rowspan=\"1\" align=\"left\" valign=\"top\" bgcolor=\"#e9edf5\"><em>G. Herrmann,<\/em><br \/>\nSAS Deutschland<br \/>\n<a><br \/>\n<img decoding=\"async\" src=\"http:\/\/www.ksfe2009.uni-halle.de\/To.gif\" alt=\"\" width=\"7\" align=\"middle\" border=\"0\" \/>\u00a0ODS Graphics Designer: Eine neue grafische Oberfl\u00e4che in SAS 9.2<\/a><\/td>\n<\/tr>\n<tr>\n<td colspan=\"6\"><\/td>\n<\/tr>\n<tr>\n<td align=\"center\" valign=\"top\">16:00<br \/>\n&#8211;<br \/>\n16:30<\/td>\n<td colspan=\"5\" align=\"center\" valign=\"middle\" bgcolor=\"#e9edf5\">Kaffeepause<\/td>\n<\/tr>\n<tr>\n<td colspan=\"6\"><\/td>\n<\/tr>\n<tr>\n<td colspan=\"6\" align=\"center\" valign=\"top\">Audimax<br \/>\n<em>Tipps und Tricks<\/em><\/td>\n<\/tr>\n<tr>\n<td colspan=\"6\" align=\"center\" valign=\"top\">Sitzungsleitung: <em>C. Ortseifen<\/em>,\u00a0Universit\u00e4t Heidelberg<\/td>\n<\/tr>\n<tr>\n<td align=\"center\" valign=\"top\">16:30<br \/>\n&#8211;<br \/>\n18:00<\/td>\n<td colspan=\"5\" align=\"left\" valign=\"top\" bgcolor=\"#e9edf5\"><em>C. Ortseifen,<\/em> Universit\u00e4t Heidelberg<br \/>\n<em>G. Pfister,<\/em> iCASUS GmbH Heidelberg<br \/>\n<em>H. Ramroth,<\/em> Universit\u00e4tsklinikum Heidelberg<br \/>\n<em>M. Weires,<\/em> Deutsches Krebsforschungszentrum Heidelberg<br \/>\n<a><br \/>\n<img decoding=\"async\" src=\"http:\/\/www.ksfe2009.uni-halle.de\/To.gif\" alt=\"\" width=\"7\" align=\"middle\" border=\"0\" \/>\u00a0Tipps und Tricks f\u00fcr den leichteren Umgang mit der SAS Software<\/a><\/td>\n<\/tr>\n<tr>\n<td align=\"center\" valign=\"top\">18:00<\/td>\n<td colspan=\"5\" align=\"center\" valign=\"middle\" bgcolor=\"#e9edf5\">Ende der Vortr\u00e4ge am ersten Tag<\/td>\n<\/tr>\n<tr>\n<td colspan=\"6\"><\/td>\n<\/tr>\n<tr>\n<td align=\"center\" valign=\"top\">19:00 &#8211;<br \/>\n23:00<\/td>\n<td colspan=\"5\" align=\"center\" valign=\"middle\" bgcolor=\"#e9edf5\"><a> <img decoding=\"async\" src=\"http:\/\/www.ksfe2009.uni-halle.de\/To.gif\" alt=\"\" width=\"7\" border=\"0\" \/> Abendveranstaltung im Landesmuseum f\u00fcr Vorgeschichte <\/a><\/td>\n<\/tr>\n<\/tbody>\n<\/table>\n<p>&nbsp;<\/p>\n<hr width=\"100%\" \/>\n<p><center><\/p>\n<h3><em> <span style=\"color: #ff0000;\"> Freitag, 6. M\u00e4rz 2009 <\/span><\/em><\/h3>\n<p><\/center><\/p>\n<table cellpadding=\"5\">\n<colgroup>\n<col width=\"5%\" \/>\n<col width=\"28%\" \/>\n<col width=\"5%\" \/>\n<col width=\"29%\" \/>\n<col width=\"5%\" \/>\n<col width=\"28%\" \/> <\/colgroup>\n<tbody>\n<tr>\n<td colspan=\"2\" align=\"left\" valign=\"top\">HS XXII<br \/>\n<em>SAS in der Klinischen Forschung<\/em><\/td>\n<td colspan=\"2\" align=\"left\" valign=\"top\">HS XXIII<br \/>\n<em>Neuerungen in SAS 9.2<\/em><\/td>\n<td colspan=\"2\" align=\"left\" valign=\"top\">Audimax<br \/>\n<em>Datenmanagement<\/em><\/td>\n<\/tr>\n<tr>\n<td colspan=\"2\" align=\"left\" valign=\"top\">Sitzungsleitung: <em>R.-H. B\u00f6deker<\/em>,<br \/>\nUniversit\u00e4t Gie\u00dfen<\/td>\n<td colspan=\"2\" align=\"left\" valign=\"top\">Sitzungsleitung: <em>H. St\u00fcrzl<\/em>,<br \/>\nSiemens Healthcare Diagnostics Products GmbH Marburg<\/td>\n<td colspan=\"2\" align=\"left\" valign=\"top\">Sitzungsleitung: <em>N. Kleekamp<\/em>,<br \/>\nUniversit\u00e4t Jena<\/td>\n<\/tr>\n<tr>\n<td align=\"center\" valign=\"top\">9:30<\/td>\n<td rowspan=\"1\" align=\"left\" valign=\"top\" bgcolor=\"#e9edf5\"><em>P. Glomb, A. Ring,<\/em><br \/>\nBoehringer Ingelheim Pharma GmbH &amp; Co. KG<br \/>\n<a><br \/>\n<img decoding=\"async\" src=\"http:\/\/www.ksfe2009.uni-halle.de\/To.gif\" alt=\"\" width=\"7\" align=\"middle\" border=\"0\" \/>\u00a0Einfluss verz\u00f6gerter Effekte in &#8222;Exposure-Response&#8220;-Analysen klinischer QTc-Studien<\/a><\/td>\n<td rowspan=\"3\" align=\"center\" valign=\"top\">9:30<br \/>\n&#8211;<br \/>\n11:00<\/td>\n<td rowspan=\"3\" align=\"left\" valign=\"top\" bgcolor=\"#e9edf5\"><em>S. Ahrens, G. Herrmann, U. Reincke<\/em><br \/>\nSAS Deutschland<br \/>\n<a><br \/>\n<img decoding=\"async\" src=\"http:\/\/www.ksfe2009.uni-halle.de\/To.gif\" alt=\"\" width=\"7\" align=\"middle\" border=\"0\" \/>\u00a0Neuerungen in SAS 9.2 \u2013 ab sofort verf\u00fcgbar<\/a><\/td>\n<td rowspan=\"3\" align=\"center\" valign=\"top\">9:30<br \/>\n&#8211;<br \/>\n11:00<\/td>\n<td rowspan=\"3\" align=\"left\" valign=\"top\" bgcolor=\"#e9edf5\"><em>M. Weires,<\/em><br \/>\nDeutsches Krebsforschungszentrum Heidelberg<br \/>\n<a><br \/>\n<img decoding=\"async\" src=\"http:\/\/www.ksfe2009.uni-halle.de\/To.gif\" alt=\"\" width=\"7\" align=\"middle\" border=\"0\" \/>\u00a0SQL Processing mit der SAS Software: Eine Ein\u00adf\u00fchrung in die Prozedur SQL<\/a><\/td>\n<\/tr>\n<tr>\n<td align=\"center\" valign=\"top\">10:00<\/td>\n<td rowspan=\"1\" align=\"left\" valign=\"top\" bgcolor=\"#e9edf5\"><em>A. Ring, A. Pivovarova,<\/em><br \/>\nBoehringer Ingelheim Pharma GmbH &amp; Co. KG<br \/>\n<a><br \/>\n<img decoding=\"async\" src=\"http:\/\/www.ksfe2009.uni-halle.de\/To.gif\" alt=\"\" width=\"7\" align=\"middle\" border=\"0\" \/>\u00a0Auswirkungen verschiedener statistischer Verfahren zur Herzfrequenzkorrektur des QT-Intervalls des EKGs in klinischen Studien<\/a><\/td>\n<\/tr>\n<tr>\n<td align=\"center\" valign=\"top\">10:30<\/td>\n<td rowspan=\"1\" align=\"left\" valign=\"top\" bgcolor=\"#e9edf5\"><em>B. P. J\u00e4ger, K.-E. Biebler,<\/em><br \/>\nUniversit\u00e4t Greifswald<br \/>\n<em>P. E. Rudolph, A. Tuchscherer,<\/em><br \/>\nForschungsintitut f\u00fcr die Biologie landwirtschaftlicher Nutztiere Dummerstorf<br \/>\n<a><br \/>\n<img decoding=\"async\" src=\"http:\/\/www.ksfe2009.uni-halle.de\/To.gif\" alt=\"\" width=\"7\" align=\"middle\" border=\"0\" \/>\u00a0\u00dcber die Erzeugung gleichverteilter (Pseudo-) Zufallszahlen<\/a><\/td>\n<\/tr>\n<tr>\n<td colspan=\"6\"><\/td>\n<\/tr>\n<tr>\n<td align=\"center\" valign=\"top\">11:00<br \/>\n&#8211;<br \/>\n11:30<\/td>\n<td colspan=\"5\" align=\"center\" valign=\"middle\" bgcolor=\"#e9edf5\">Kaffeepause<\/td>\n<\/tr>\n<tr>\n<td colspan=\"6\"><\/td>\n<\/tr>\n<tr>\n<td colspan=\"2\" align=\"left\" valign=\"top\">HS XXII<br \/>\n<em>Generalisierte lineare Modelle<\/em><\/td>\n<td colspan=\"2\" align=\"left\" valign=\"top\">HS XXIII<br \/>\n<em>CDISC<\/em><\/td>\n<td colspan=\"2\" align=\"left\" valign=\"top\">Audimax<br \/>\n<em>Freie Themen<\/em><\/td>\n<\/tr>\n<tr>\n<td colspan=\"2\" align=\"left\" valign=\"top\">Sitzungsleitung: <em>E. Schumacher<\/em>,<br \/>\nUniversit\u00e4t Hohenheim<\/td>\n<td colspan=\"2\" align=\"left\" valign=\"top\">Sitzungsleitung: <em>H.-P. Altenburg,<\/em>,<br \/>\nSiemens Healthcare Diagnostics Products GmbH, Marburg<\/td>\n<td colspan=\"2\" align=\"left\" valign=\"top\">Sitzungsleitung: <em>C. Richter<\/em>,<br \/>\nHumboldt-Universit\u00e4t zu Berlin<\/td>\n<\/tr>\n<tr>\n<td align=\"center\" valign=\"top\">11:30<\/td>\n<td rowspan=\"1\" align=\"left\" valign=\"top\" bgcolor=\"#e9edf5\"><em>N. Mielenz, J. Spilke,<\/em><br \/>\nUniversit\u00e4t Halle<br \/>\n<a><br \/>\n<img decoding=\"async\" src=\"http:\/\/www.ksfe2009.uni-halle.de\/To.gif\" alt=\"\" width=\"7\" align=\"middle\" border=\"0\" \/>\u00a0Auswertung von kategorialen Daten mit Messwiederholung in SAS<\/a><\/td>\n<td rowspan=\"2\" align=\"center\" valign=\"top\">11:30<br \/>\n&#8211;<br \/>\n12:30<\/td>\n<td rowspan=\"2\" align=\"left\" valign=\"top\" bgcolor=\"#e9edf5\"><em>S. Leao-Sitals,<\/em><br \/>\nUniklinikum Frankfurt am Main<br \/>\n<em>T. Jer\u00ed,<\/em> LeukoCare AG<br \/>\n<a><br \/>\n<img decoding=\"async\" src=\"http:\/\/www.ksfe2009.uni-halle.de\/To.gif\" alt=\"\" width=\"7\" align=\"middle\" border=\"0\" \/>\u00a0Alle erfahrenen SAS-Benutzer waren einmal Anf\u00e4nger<\/a><\/td>\n<td align=\"center\" valign=\"top\">11:30<\/td>\n<td rowspan=\"1\" align=\"left\" valign=\"top\" bgcolor=\"#e9edf5\">undefined<\/td>\n<\/tr>\n<tr>\n<td align=\"center\" valign=\"top\">12:00<\/td>\n<td rowspan=\"1\" align=\"left\" valign=\"top\" bgcolor=\"#e9edf5\"><em>A. Wienke, O. Ku\u00df, J. Haerting,<\/em><br \/>\nUniversit\u00e4t Halle<br \/>\n<a><br \/>\n<img decoding=\"async\" src=\"http:\/\/www.ksfe2009.uni-halle.de\/To.gif\" alt=\"\" width=\"7\" align=\"middle\" border=\"0\" \/>\u00a0Lebensdauer von Lungenkrebs\u00adpatienten in der HALLUCA-Studie: Eine Analyse mit Frailty-Modellen unter Verwendung von PROC NLMIXED<\/a><\/td>\n<td align=\"center\" valign=\"top\">12:00<\/td>\n<td rowspan=\"1\" align=\"left\" valign=\"top\" bgcolor=\"#e9edf5\">undefined<\/td>\n<\/tr>\n<tr>\n<td align=\"center\" valign=\"top\">12:30<\/td>\n<td rowspan=\"1\" align=\"left\" valign=\"top\" bgcolor=\"#e9edf5\"><em>R. Minkenberg,<\/em><br \/>\nBoehringer Ingelheim Pharma GmbH &amp; Co. KG<br \/>\n<a><br \/>\n<img decoding=\"async\" src=\"http:\/\/www.ksfe2009.uni-halle.de\/To.gif\" alt=\"\" width=\"7\" align=\"middle\" border=\"0\" \/>\u00a0Regressionsmodelle f\u00fcr Z\u00e4hldaten in SAS<\/a><\/td>\n<td align=\"center\" valign=\"top\">12:30<\/td>\n<td rowspan=\"1\" align=\"left\" valign=\"top\" bgcolor=\"#e9edf5\"><em>K. H\u00e4usermann,<\/em><br \/>\nHMS Analytical Software GmbH<br \/>\n<em>B. Prellwitz<\/em><br \/>\nSAS Deutschland<br \/>\n<a><br \/>\n<img decoding=\"async\" src=\"http:\/\/www.ksfe2009.uni-halle.de\/To.gif\" alt=\"\" width=\"7\" align=\"middle\" border=\"0\" \/>\u00a0CDISC und eSubmission<\/a><\/td>\n<td align=\"center\" valign=\"top\">12:30<\/td>\n<td rowspan=\"1\" align=\"left\" valign=\"top\" bgcolor=\"#e9edf5\">undefined<\/td>\n<\/tr>\n<tr>\n<td colspan=\"6\" align=\"center\" valign=\"top\">Audimax<br \/>\n<em>Abschluss<\/em><\/td>\n<\/tr>\n<tr>\n<td colspan=\"6\" align=\"center\" valign=\"top\">Sitzungsleitung: <em>E. Schumacher<\/em>,\u00a0Vorsitzender des Vereins &#8222;Kooperation der SAS Anwender in Forschung und Entwicklung e.V.&#8220;<\/td>\n<\/tr>\n<tr>\n<td align=\"center\" valign=\"top\">13:00<\/td>\n<td colspan=\"5\" align=\"left\" valign=\"top\" bgcolor=\"#e9edf5\"><strong>Preisvergabe des Best Paper Award<\/strong> der 13. KSFE 2009<br \/>\n<em>M. Wetzel,<\/em> Systematika GmbH<\/p>\n<p><strong>Verabschiedung<\/strong> durch <em>E. Schumacher<\/em> und <em>J. Spilke<\/em><\/p>\n<p><strong>Ausblick<\/strong> auf die KSFE 2010<br \/>\n<em>W. F. Lesener,<\/em> Humboldt-Universit\u00e4t zu Berlin<\/td>\n<\/tr>\n<tr>\n<td colspan=\"6\"><\/td>\n<\/tr>\n<tr>\n<td align=\"center\" valign=\"top\">13:30<br \/>\n&#8211;<br \/>\n14:00<\/td>\n<td colspan=\"5\" align=\"center\" valign=\"middle\" bgcolor=\"#e9edf5\">Mittagspause zum Ende der 13. KSFE<\/td>\n<\/tr>\n<\/tbody>\n<\/table>\n","protected":false},"excerpt":{"rendered":"<p>Donnerstag, 5. M\u00e4rz 2009 Aula der Universit\u00e4t Halle im L\u00f6wengeb\u00e4ude Er\u00f6ffnung Sitzungsleitung: J. Spilke, Universit\u00e4t Halle 9:30 &#8211; 11:00 Begr\u00fc\u00dfungsworte und Er\u00f6ffnung der 13. KSFE Prof. Dr. W. Diepenbrock, Rektor der Martin-Luther-Universit\u00e4t Halle-Wittenberg J\u00fcrgen Fritz, Mitglied der Gesch\u00e4ftsleitung SAS Deutschland &hellip; <a href=\"https:\/\/ksfe-ev.de\/cms\/archiv\/vortrage\/\">Weiterlesen <span class=\"meta-nav\">&rarr;<\/span><\/a><\/p>\n","protected":false},"author":1,"featured_media":0,"parent":38,"menu_order":7,"comment_status":"closed","ping_status":"closed","template":"sidebar-page.php","meta":[],"_links":{"self":[{"href":"https:\/\/ksfe-ev.de\/cms\/wp-json\/wp\/v2\/pages\/471"}],"collection":[{"href":"https:\/\/ksfe-ev.de\/cms\/wp-json\/wp\/v2\/pages"}],"about":[{"href":"https:\/\/ksfe-ev.de\/cms\/wp-json\/wp\/v2\/types\/page"}],"author":[{"embeddable":true,"href":"https:\/\/ksfe-ev.de\/cms\/wp-json\/wp\/v2\/users\/1"}],"replies":[{"embeddable":true,"href":"https:\/\/ksfe-ev.de\/cms\/wp-json\/wp\/v2\/comments?post=471"}],"version-history":[{"count":2,"href":"https:\/\/ksfe-ev.de\/cms\/wp-json\/wp\/v2\/pages\/471\/revisions"}],"predecessor-version":[{"id":601,"href":"https:\/\/ksfe-ev.de\/cms\/wp-json\/wp\/v2\/pages\/471\/revisions\/601"}],"up":[{"embeddable":true,"href":"https:\/\/ksfe-ev.de\/cms\/wp-json\/wp\/v2\/pages\/38"}],"wp:attachment":[{"href":"https:\/\/ksfe-ev.de\/cms\/wp-json\/wp\/v2\/media?parent=471"}],"curies":[{"name":"wp","href":"https:\/\/api.w.org\/{rel}","templated":true}]}}