{"id":24,"date":"2012-04-07T19:02:38","date_gmt":"2012-04-07T19:02:38","guid":{"rendered":"http:\/\/ksfe-ev.de\/cms\/?page_id=24"},"modified":"2023-02-03T08:01:50","modified_gmt":"2023-02-03T08:01:50","slug":"vorstand","status":"publish","type":"page","link":"https:\/\/ksfe-ev.de\/cms\/home\/vorstand\/","title":{"rendered":"Vorstand"},"content":{"rendered":"<p><strong>Vorstandsgremium des KSFE e.V.<\/strong><\/p>\n<p>Ralf Minkenberg<br \/>\nVorsitzender<br \/>\nEmail: <a href=\"mailto:Ralf.Minkenberg@ksfe-ev.de\">Ralf.Minkenberg@ksfe-ev.de<\/a><\/p>\n<p>Frank Biedermann<br \/>\nStellvertretender Vorsitzender<br \/>\nEmail: <a href=\"mailto:Frank.Biedermann@ksfe-ev.de\">Frank.Biedermann@ksfe-ev.de<\/a><\/p>\n<p>J\u00f6rg Sahlmann<br \/>\nEmail: <a href=\"mailto:Joerg.Sahlmann@ksfe-ev.de\">Joerg.Sahlmann@ksfe-ev.de<\/a><\/p>\n<p>Beate Hientzsch<br \/>\nSchriftf\u00fchrerin<br \/>\nEmail: <a href=\"mailto:Beate.Hientzsch@ksfe-ev.de\">Beate.Hientzsch@ksfe-ev.de<\/a><\/p>\n<p>Patrik W\u00fcrzburger<br \/>\nSchatzmeister<br \/>\nEmail: <a href=\"mailto:patrik.wuerzburger@ksfe-ev.de\">patrik.wuerzburger@ksfe-ev.de<\/a><\/p>\n","protected":false},"excerpt":{"rendered":"<p>Vorstandsgremium des KSFE e.V. Ralf Minkenberg Vorsitzender Email: Ralf.Minkenberg@ksfe-ev.de Frank Biedermann Stellvertretender Vorsitzender Email: Frank.Biedermann@ksfe-ev.de J\u00f6rg Sahlmann Email: Joerg.Sahlmann@ksfe-ev.de Beate Hientzsch Schriftf\u00fchrerin Email: Beate.Hientzsch@ksfe-ev.de Patrik W\u00fcrzburger Schatzmeister Email: patrik.wuerzburger@ksfe-ev.de<\/p>\n","protected":false},"author":1,"featured_media":0,"parent":15,"menu_order":1,"comment_status":"closed","ping_status":"closed","template":"sidebar-page.php","meta":[],"_links":{"self":[{"href":"https:\/\/ksfe-ev.de\/cms\/wp-json\/wp\/v2\/pages\/24"}],"collection":[{"href":"https:\/\/ksfe-ev.de\/cms\/wp-json\/wp\/v2\/pages"}],"about":[{"href":"https:\/\/ksfe-ev.de\/cms\/wp-json\/wp\/v2\/types\/page"}],"author":[{"embeddable":true,"href":"https:\/\/ksfe-ev.de\/cms\/wp-json\/wp\/v2\/users\/1"}],"replies":[{"embeddable":true,"href":"https:\/\/ksfe-ev.de\/cms\/wp-json\/wp\/v2\/comments?post=24"}],"version-history":[{"count":13,"href":"https:\/\/ksfe-ev.de\/cms\/wp-json\/wp\/v2\/pages\/24\/revisions"}],"predecessor-version":[{"id":3019,"href":"https:\/\/ksfe-ev.de\/cms\/wp-json\/wp\/v2\/pages\/24\/revisions\/3019"}],"up":[{"embeddable":true,"href":"https:\/\/ksfe-ev.de\/cms\/wp-json\/wp\/v2\/pages\/15"}],"wp:attachment":[{"href":"https:\/\/ksfe-ev.de\/cms\/wp-json\/wp\/v2\/media?parent=24"}],"curies":[{"name":"wp","href":"https:\/\/api.w.org\/{rel}","templated":true}]}}