{"id":2159,"date":"2013-05-12T19:44:44","date_gmt":"2013-05-12T19:44:44","guid":{"rendered":"http:\/\/ksfe-ev.de\/cms\/?page_id=2159"},"modified":"2014-01-22T20:27:58","modified_gmt":"2014-01-22T20:27:58","slug":"offentlichkeitsarbeit","status":"publish","type":"page","link":"https:\/\/ksfe-ev.de\/cms\/home\/offentlichkeitsarbeit\/","title":{"rendered":"\u00d6ffentlichkeitsarbeit"},"content":{"rendered":"<table border=\"0\" cellspacing=\"0\" cellpadding=\"0\">\n<tbody>\n<tr>\n<td><strong><strong>Dezember 2013:\u00a0<\/strong><\/strong><strong>Spenden\u00fcbergabe an das Institut f\u00fcr Epidemiologie und Medizinische Biometrie der Universit\u00e4t Ulm<\/strong><\/td>\n<\/tr>\n<tr>\n<td><a href=\"http:\/\/ksfe-ev.de\/cms\/wp-content\/uploads\/2014\/01\/DSC_0957.jpg\"><img decoding=\"async\" loading=\"lazy\" src=\"http:\/\/ksfe-ev.de\/cms\/wp-content\/uploads\/2014\/01\/DSC_0957-150x150.jpg\" alt=\"Spenden\u00fcbergabe Ulm\" width=\"150\" height=\"150\" class=\"alignleft size-thumbnail wp-image-2629\" \/><\/a><\/td>\n<\/tr>\n<tr>\n<td>\n<p><span style=\"font-size:small\"><br \/>\nvon links:  Sabrina Sufeida, Dr. Jens Dreyhaupt, Prof. Dr. Rainer Muche, Marianne Meule, Ralf Minkenberg (Vorsitzender KSFE e.V.),<br \/>\nBeate Einsiedler, Karin Schiefele es fehlen  Andrea Els\u00e4sser, Iris Lichtblau<\/span><\/p>\n<\/td>\n<\/tr>\n<tr>\n<td><strong><strong>Juni 2013:\u00a0<\/strong><\/strong><strong>Spenden\u00fcbergabe an Geraldine Rauch von der AG Lehre der Biometrischen Gesellschaft<\/strong><\/td>\n<\/tr>\n<tr>\n<td><a href=\"http:\/\/ksfe-ev.de\/cms\/wp-content\/uploads\/2013\/07\/Spenden\u00fcbergabe_AG_Statistik_Heidelberg_2013.jpg\"><img decoding=\"async\" loading=\"lazy\" alt=\"Spenden\u00fcbergabe_AG_Statistik_Heidelberg_2013\" src=\"http:\/\/ksfe-ev.de\/cms\/wp-content\/uploads\/2013\/07\/Spenden\u00fcbergabe_AG_Statistik_Heidelberg_2013-150x150.jpg\" width=\"150\" height=\"150\" \/><\/a><\/td>\n<\/tr>\n<tr>\n<td>\n<p><span style=\"font-size:small\"><br \/>\n<a href=\"http:\/\/www.biometrische-gesellschaft.de\/arbeitsgruppen\/lehre-und-didaktik-der-biometrie.html\">Link: AG Lehre der Biometrischen Gesellschaft<\/a><\/p>\n<p><\/font><\/td>\n<\/tr>\n<tr>\n<td><\/td>\n<\/tr>\n<tr>\n<td><strong><strong>Dezember 2012:\u00a0<\/strong><\/strong><strong>Spenden\u00fcbergabe an den\u00a0Verein Business Intelligence Research e.V.<\/strong><\/td>\n<\/tr>\n<tr>\n<td><strong><a href=\"http:\/\/ksfe-ev.de\/cms\/wp-content\/uploads\/2013\/05\/DSC09710_bearbeitet.jpg\"><img decoding=\"async\" loading=\"lazy\" alt=\"Dresden Spenden\u00fcbergabe 1\" src=\"http:\/\/ksfe-ev.de\/cms\/wp-content\/uploads\/2013\/05\/DSC09710_bearbeitet-150x150.jpg\" width=\"150\" height=\"150\" \/>\u00a0 \u00a0\u00a0<\/a><a href=\"http:\/\/ksfe-ev.de\/cms\/wp-content\/uploads\/2013\/05\/DSC09704_bearbeitet.jpg\"><img decoding=\"async\" loading=\"lazy\" alt=\"Dresden Spenden\u00fcbergabe 2\" src=\"http:\/\/ksfe-ev.de\/cms\/wp-content\/uploads\/2013\/05\/DSC09704_bearbeitet-150x150.jpg\" width=\"150\" height=\"150\" \/><\/a><\/strong><\/td>\n<\/tr>\n<\/tbody>\n<\/table>\n","protected":false},"excerpt":{"rendered":"<p>Dezember 2013:\u00a0Spenden\u00fcbergabe an das Institut f\u00fcr Epidemiologie und Medizinische Biometrie der Universit\u00e4t Ulm von links: Sabrina Sufeida, Dr. Jens Dreyhaupt, Prof. Dr. Rainer Muche, Marianne Meule, Ralf Minkenberg (Vorsitzender KSFE e.V.), Beate Einsiedler, Karin Schiefele es fehlen Andrea Els\u00e4sser, Iris &hellip; <a href=\"https:\/\/ksfe-ev.de\/cms\/home\/offentlichkeitsarbeit\/\">Weiterlesen <span class=\"meta-nav\">&rarr;<\/span><\/a><\/p>\n","protected":false},"author":1,"featured_media":0,"parent":15,"menu_order":6,"comment_status":"closed","ping_status":"closed","template":"","meta":[],"_links":{"self":[{"href":"https:\/\/ksfe-ev.de\/cms\/wp-json\/wp\/v2\/pages\/2159"}],"collection":[{"href":"https:\/\/ksfe-ev.de\/cms\/wp-json\/wp\/v2\/pages"}],"about":[{"href":"https:\/\/ksfe-ev.de\/cms\/wp-json\/wp\/v2\/types\/page"}],"author":[{"embeddable":true,"href":"https:\/\/ksfe-ev.de\/cms\/wp-json\/wp\/v2\/users\/1"}],"replies":[{"embeddable":true,"href":"https:\/\/ksfe-ev.de\/cms\/wp-json\/wp\/v2\/comments?post=2159"}],"version-history":[{"count":46,"href":"https:\/\/ksfe-ev.de\/cms\/wp-json\/wp\/v2\/pages\/2159\/revisions"}],"predecessor-version":[{"id":2656,"href":"https:\/\/ksfe-ev.de\/cms\/wp-json\/wp\/v2\/pages\/2159\/revisions\/2656"}],"up":[{"embeddable":true,"href":"https:\/\/ksfe-ev.de\/cms\/wp-json\/wp\/v2\/pages\/15"}],"wp:attachment":[{"href":"https:\/\/ksfe-ev.de\/cms\/wp-json\/wp\/v2\/media?parent=2159"}],"curies":[{"name":"wp","href":"https:\/\/api.w.org\/{rel}","templated":true}]}}