{"id":1402,"date":"2012-09-27T20:43:21","date_gmt":"2012-09-27T20:43:21","guid":{"rendered":"http:\/\/ksfe-ev.de\/cms\/?page_id=1402"},"modified":"2019-08-27T19:20:41","modified_gmt":"2019-08-27T19:20:41","slug":"preistrager","status":"publish","type":"page","link":"https:\/\/ksfe-ev.de\/cms\/archiv\/preistrager\/","title":{"rendered":"Preistr\u00e4ger der KSFE-Tagungen"},"content":{"rendered":"\n<p><strong><span style=\"color: #000000;\">2019 KSFE Hochschulpreis<\/span><\/strong><\/p>\n<p><span style=\"color: #000000;\"><strong>1. Preis:<\/strong>&nbsp;Nils Hermes (FU Berlin) <\/span><br><strong><span style=\"color: #003366;\">Analyse einer Online-Umfrage zur Zufriedenheit mit Finanz\u00e4mtern mit SAS Contextual Analysis<\/span><\/strong><\/p>\n<p><strong><span style=\"color: #000000;\">2018 KSFE Hochschulpreis<\/span><\/strong><\/p>\n<p><span style=\"color: #000000;\"><strong>1. Preis:<\/strong>&nbsp;Heiko Krause (Universit\u00e4tsmedizin Greifswald) <\/span><br><strong><span style=\"color: #003366;\">Auswertung experimenteller Proteomics-Daten unter Verwendung der Analysesoftware SAS &#8211; Etablierung einer generellen Herangehensweise<\/span><\/strong><\/p>\n<p><span style=\"color: #000000;\"><strong>2. Preis:<\/strong>&nbsp;Jannes Rausch-Stroomann (Hochschule Stralsund)&nbsp;<\/span><br><span style=\"color: #003366;\"><strong>Ein SAS Enterprise Miner Interface f\u00fcr systematisches Hyperparameter-Tuning mit (ml) R<\/strong><\/span><\/p>\n<p><strong><span style=\"color: #000000;\">2016 Jubil\u00e4umsr\u00e4tsel<\/span><\/strong><\/p>\n<p><strong><span style=\"color: #003366;\">Herzlichen Gl\u00fcckwunsch an die vier Gewinnerinnen unseres Jubil\u00e4ums-R\u00e4tsels:<\/span><\/strong> Manuela Wern, Stefanie Daum, Franziska Gries und Jenny Budke<\/p>\n<p><strong><span style=\"color: #000000;\">2015 Best Paper Award<\/span><\/strong><\/p>\n<p><span style=\"color: #000000;\"><strong>1. Preis:<\/strong>&nbsp;A. Gonnermann, E. Budde (Medizinische Hochschule Hannover) <\/span><br><strong><span style=\"color: #003366;\">Wie finde ich den optimalen Cutpoint in SAS?<\/span><\/strong><\/p>\n<p><span style=\"color: #000000;\"><strong>2. Preis:<\/strong>&nbsp;T. Grobe (AQUA-Institut)&nbsp;<\/span><br><span style=\"color: #003366;\"><strong>Berechnung von Arbeitstagen in Zeitintervallen-Nutzer-definierte Funktionen mit PROC FCMP vs. Macro L\u00f6sung<\/strong><\/span><\/p>\n<p><span style=\"color: #000000;\"><strong>3. Preis:<\/strong>&nbsp;N. Adaskina (Medizinische Hochschule Hannover) <\/span><br><span style=\"color: #003366;\"><strong>Grenzen verschieben-Tabellenausgabe mit ODS RTF und ODS TAGSETS.RTF<\/strong><\/span><\/p>\n<p><strong><span style=\"color: #000000;\">2014 Best Paper Award<\/span><\/strong><\/p>\n<p><span style=\"color: #000000;\"><strong>1. Preis:<\/strong>&nbsp;C. Ortseifen (Universit\u00e4t Heidelberg) <\/span><br><strong><span style=\"color: #003366;\">ODS DOCUMENT und PROC DOCUMENT \u2013 die unbekannten Sch\u00f6nen<\/span><\/strong><\/p>\n<p><span style=\"color: #000000;\"><strong>2. Preis:<\/strong>&nbsp;F. Fritz, St. Meyer, Ch. Weinhardt (Universit\u00e4t Karlsruhe)&nbsp;<\/span><br><span style=\"color: #003366;\"><strong>Intelligente Datenverarbeitung mit PROC IML<\/strong><\/span><\/p>\n<p><span style=\"color: #000000;\"><strong>3. Preis:<\/strong>&nbsp;A. Rosenberger (Universit\u00e4t G\u00f6ttingen) <\/span><br><span style=\"color: #003366;\"><strong>Permutationstest bei komplexen Teststrategien<\/strong><\/span><\/p>\n<p><strong><span style=\"color: #000000;\">2013 Best Paper Award<\/span><\/strong><\/p>\n<p><span style=\"color: #000000;\"><strong>1. Preis:<\/strong> U. Braisch, R. Muche (Universit\u00e4t Ulm)<\/span><br><strong><span style=\"color: #003366;\">PROC LOGISTIC: Warum sind die Koeffizienten nicht mit den Odds Ratios konsistent?<\/span> <\/strong><\/p>\n<p><span style=\"color: #000000;\"><strong>2. Preis:<\/strong> M. Wern, S. Daum (SCHUFA Holding AG) <\/span><br><span style=\"color: #003366;\"><strong>PROC FREQ erkl\u00e4rt (mit) Fu\u00dfball<\/strong><\/span><\/p>\n<p><span style=\"color: #000000;\"><strong>3. Preis:<\/strong> H.-J. Helms (Universit\u00e4tsmedizin G\u00f6ttingen), N. Benda, J. Zinserling (BfArM Bonn), T. Friede (Universit\u00e4tsmedizin G\u00f6ttingen)<\/span><br><span style=\"color: #003366;\"><strong>Auswertung von Dosis-Findungs-Studien mit aktiver Kontrolle in SAS 9.3<\/strong><\/span><\/p>\n<p><strong><span style=\"color: #000000;\">2012 Best Paper Award<\/span><\/strong><\/p>\n<p><span style=\"color: #000000;\"><strong>1. Preis:<\/strong> David Meintrup (Hochschule f\u00fcr Angewandte Wissenschaften, Ingolstadt)<\/span><br><strong><span style=\"color: #003366;\">Statistische Versuchsplanung mit JMP &#8211; von der Klassik zur Moderne<\/span> <\/strong><\/p>\n<p><span style=\"color: #000000;\"><strong>2. Preis:<\/strong> Benjamin Mayer (Universit\u00e4t Ulm) <\/span><br><span style=\"color: #003366;\"><strong>Der Umgang mit fehlenden Werten in Verlaufsstudien im Falle von Drop-outs<\/strong><\/span><\/p>\n<p><span style=\"color: #000000;\"><strong>3. Preis:<\/strong> Martin Haffner, Andreas Mangold (HMS Analytical Software GmbH)<\/span><br><span style=\"color: #003366;\"><strong>Webservice und SAS &#8211; PROC SOAP, PROC HTTP und der ganze REST<\/strong><\/span><\/p>\n<p><strong><span style=\"color: #000000;\">2011 Best Paper Award<span style=\"font-size: small;\"><span style=\"font-family: Arial;\">&nbsp; <\/span><\/span><\/span><\/strong><\/p>\n<p><span style=\"color: #000000;\"><strong>1. Preis:<\/strong> Andreas Deckert (Universit\u00e4t Heidelberg) <\/span><br><strong><span style=\"color: #003366;\">1:n-Matching von F\u00e4llen und Kontrollen: Propsensity Score vs. SQL-basierter Methode<\/span> <\/strong><\/p>\n<p><span style=\"color: #000000;\"><strong>2. Preis:<\/strong> Christian Kothenschulte (LBS M\u00fcnster) <\/span><br><strong><span style=\"color: #003366;\">\u00dcber die T\u00fccken eines XML-Stroms<\/span> <\/strong><\/p>\n<p><span style=\"color: #000000;\"><strong>3. Preis:<\/strong> Wolfgang Himmel (Universit\u00e4t G\u00f6ttingen), Ulrich Reincke (SAS Institute) <\/span><br><span style=\"color: #003366;\"><strong>&#8222;Entscheidungsb\u00e4ume&#8220; &#8211; eine M\u00f6glichkeit, Pr\u00e4ferenzen und Zufriedenheit von Patienten im Gesundheitswesen zu verstehen?<\/strong><\/span><\/p>\n<p><strong><span style=\"color: #000000;\">2010 Best Paper Award<span style=\"font-size: small;\"><span style=\"font-family: Arial;\">&nbsp; <\/span><\/span><\/span><\/strong><\/p>\n<p><span style=\"color: #000000;\"><strong>1. Preis:<\/strong> Alexander Jahnke (Siemens Healthcare Diagnostic Products GmbH Marburg) <\/span><br><span style=\"color: #003366;\"><strong>Geht nicht \u2013 Gibt\u2019s nicht; Hacking SAS und Excel \u2013 Eine unkonventionelle Methode beidseitiger Kommunikation <\/strong><\/span><\/p>\n<p><span style=\"color: #000000;\"><strong>2. Preis:<\/strong> Hanspeter Schnitzer (Merz Pharmaceuticals Frankfurt) <\/span><br><strong><span style=\"color: #003366;\">Richtlinien zur Programmierung von Standard SAS Makros<\/span> <\/strong><\/p>\n<p><strong><span style=\"color: #000000;\">2009 Best Paper Award<span style=\"font-size: small;\"><span style=\"font-family: Arial;\">&nbsp; <\/span><\/span><\/span><\/strong><\/p>\n<p><span style=\"color: #000000;\"><strong>1. Preis:<\/strong> Marianne Weires (Deutsches Krebsforschungszentrum Heidelberg) <\/span><br><strong><span style=\"color: #003366;\">SQL Processing mit der SAS Software: Eine Ein\u00adf\u00fchrung in die Prozedur SQL<\/span> <\/strong><\/p>\n<p><span style=\"color: #000000;\"><strong>2. Preis:<\/strong> Heribert Ramroth (Universit\u00e4tsklinikum Heidelberg) <\/span><br><strong><span style=\"color: #003366;\">Zwei Makros zur Kombination von deskriptiven und analytischen Ergebnissen aus klinisch-\/epidemiologischen Studien<\/span> <\/strong><\/p>\n<p><span style=\"color: #000000;\"><strong>3. Preis:<\/strong> Christel Richter, B\u00e4rbel Kroschewski (Humboldt Universit\u00e4t zu Berlin)<\/span><br><strong><span style=\"color: #003366;\">R\u00e4umliche Modelle in landwirt\u00adschaftlichen Feld\u00adversuchen \u2013 Abh\u00e4ngigkeit der Ergebnisse von Versuchs-plan, Randomisationsplan und Position auf der Versuchs\u00adfl\u00e4che<\/span> <\/strong><\/p>\n<p><span style=\"color: #000000;\"><strong>2009 Studentischer Nachwuchspreis<\/strong><\/p><p> Holger Dressel, Joachim Spilke (Martin-Luther-Universit\u00e4t Halle-Wittenberg) <\/span><br><strong><span style=\"color: #003366;\">Modellwahl zur Sch\u00e4tzung von Laktationskurven beim Milchrind mit der SAS Prozedur Mixed<\/span> <\/strong><\/p>\n<p><strong><span style=\"color: #000000;\">2008 Best Paper Award<span style=\"font-size: small;\"><span style=\"font-family: Arial;\">&nbsp; <\/span><\/span><\/span><\/strong><\/p>\n<p><span style=\"color: #000000;\"><strong>1. Preis:<\/strong> Heribert Ramroth (Universit\u00e4tsklinikum Heidelberg) <\/span><br><strong><span style=\"color: #003366;\">Publikationsfertige Kombination von H\u00e4ufigkeiten und Risiko-Kennwerten aus Ergebnissen von klinisch-epidemiologischen Studien<\/span> <\/strong><\/p>\n<p><span style=\"color: #000000;\"><strong>2. Preis:<\/strong> Volker Schoder, Maria Krause, Ulrike Ely (proDERM Hamburg) <\/span><br><strong><span style=\"color: #003366;\">Modellierung des Wassergehaltes der Haut in der kosmetischen Forschung basierend auf Spektroskopie-Messungen<\/span> <\/strong><\/p>\n<p><span style=\"color: #000000;\"><strong>3. Preis:<\/strong> Alexander Jahnke (Dade Behring Marburg GmbH) <\/span><br><strong><span style=\"color: #003366;\">webScala &#8211; Ein System zur Datenanalyse und Ergebnisverwaltung<\/span> <\/strong><\/p>\n<p><span style=\"color: #000000;\"><strong>2008 Studentische Nachwuchspreise<\/strong><\/p><p>Stefan Bebdur, Sebastian Dany, Christian Knoll<\/span><\/p>\n<p><strong><span style=\"color: #000000;\">2007 Best Paper Award<span style=\"font-size: small;\"><span style=\"font-family: Arial;\">&nbsp; <\/span><\/span><\/span><\/strong><\/p>\n<p><span style=\"color: #000000;\"><strong>1. Preis:<\/strong> R. Kaluscha (Universit\u00e4t Ulm) <\/span><br><span style=\"color: #003366;\"><strong>Datenmanagement mit Oracle, SAS, Perl und Unix-Utilities: Werkzeuge f\u00fcr alle F\u00e4lle<\/strong><\/span><\/p>\n<p><span style=\"color: #000000;\"><strong>2. Preis:<\/strong> W. Himmel, H.W. Michelmann (Universit\u00e4t G\u00f6ttingen), U. Reincke (SAS Institute) <\/span><br><span style=\"color: #003366;\"><strong>Vorbereitung einer halb-automatisierten Beantwortung von Gesundheitsfragen an ein medizinisches Internet-Expertenforum<\/strong><\/span><\/p>\n<p><span style=\"color: #000000;\"><strong>3. Preis:<\/strong> C. Meurer (Accovion GmbH) <\/span><br><strong><span style=\"color: #003366;\">Validierung von SAS-Programmen f\u00fcr die Auswertung und Dokumentation klinischer Daten &#8211; Prozess, Umfang und Dokumentation der Validierung&nbsp;<\/span> <\/strong><\/p>\n<p><span style=\"color: #000000;\"><strong>2007 Best Poster<\/strong><\/p><p>C. K\u00f6gler, C. Ortseifen (Universit\u00e4t Heidelberg) <\/span><br><span style=\"color: #003366;\"><strong>Einf\u00fchrung in ein Statistikprogramm &#8211; Vergleich der SAS\/Enterprise Guide 4.1 Software mit SPSS f\u00fcr Windows <\/strong><\/span><\/p>\n<p><strong><span style=\"color: #000000;\">2006 Best Paper Award<span style=\"font-size: small;\"><span style=\"font-family: Arial;\">&nbsp; <\/span><\/span><\/span><\/strong><\/p>\n<p><span style=\"color: #000000;\"><strong>1. Preis:<\/strong> Stefan Beimel (Merz Pharmaceuticals GmbH) <\/span><br><strong><span style=\"color: #003366;\">Programmierrichtlinien &#8211; unterst\u00fctzende Hilfe oder l\u00e4stige Formalit\u00e4t?<\/span> <\/strong><\/p>\n<p><span style=\"color: #000000;\"><strong>2. Preis:<\/strong> Ralf Bender (Institut f\u00fcr Qualit\u00e4t und Wirtschaftlichkeit im Gesundheitswesen)<\/span><br><span style=\"color: #003366;\"><strong>Die Berechnung adjustierter NNEs in Kohortenstudien<\/strong><\/span><\/p>\n<p><span style=\"color: #000000;\"><strong>3. Preis:<\/strong> Guido Skipka (Institut f\u00fcr Qualit\u00e4t und Wirtschaftlichkeit im Gesundheitswesen) <\/span><br><strong><span style=\"color: #003366;\">Metaanalysen und deren Ergebnisdarstellung<\/span> <\/strong><\/p>\n<p><strong><span style=\"color: #000000;\">2005 Best Paper Award<span style=\"font-size: small;\"><span style=\"font-family: Arial;\">&nbsp; <\/span><\/span><\/span><\/strong><\/p>\n<p><span style=\"color: #000000;\"><strong>1. Preis:<\/strong> Olaf Gefeller, Annette Pfahlberg (Universit\u00e4t Erlangen-N\u00fcrnberg) <\/span><br><strong><span style=\"color: #003366;\">Ein Test auf koh\u00e4rente Alternativen mit dem SAS Macro POSET<\/span> <\/strong><\/p>\n<p><span style=\"color: #000000;\"><strong>2. Preis:<\/strong> Carina Ortseifen (Universit\u00e4t Heidelberg) <\/span><br><span style=\"color: #003366;\"><strong>Tutorium: Einf\u00fchrung in die SAS\/Enterprise Guide Software f\u00fcr SAS-Anwender<\/strong><\/span><\/p>\n<p><span style=\"color: #000000;\"><strong>3. Preis:<\/strong> Martin Kappler (BGFA Ruhr-Universit\u00e4t Bochum) <\/span><span style=\"color: #000000;\">Grischa Pfister (iCASUS GmbH Heidelberg), <\/span><span style=\"color: #000000;\">Heinrich St\u00fcrzl (Dade Behring Marburg), <\/span><span style=\"color: #000000;\">Carina Ortseifen (Universit\u00e4t Heidelberg)<\/span><br><strong><span style=\"color: #003366;\">Tipps &amp; Tricks f\u00fcr den leichteren Umgang mit der SAS Software<\/span> <\/strong><\/p>\n<p><strong><span style=\"color: #000000;\">2004 Best Paper Award<span style=\"font-size: small;\"><span style=\"font-family: Arial;\">&nbsp; <\/span><\/span><\/span><\/strong><\/p>\n<p><span style=\"color: #000000;\">Stephanie Roll (Charit\u00e9-Universit\u00e4tsmedizin Berlin) <\/span><br><strong><span style=\"color: #003366;\">Multiple Imputation in SAS<\/span> <\/strong><\/p>\n<p><strong><span style=\"color: #000000;\">2003 Best Paper Award<span style=\"font-size: small;\"><span style=\"font-family: Arial;\">&nbsp; <\/span><\/span><\/span><\/strong><\/p>\n<p><span style=\"color: #000000;\">Andreas Christmann (Universit\u00e4t Dortmund) <\/span><br><strong><span style=\"color: #003366;\">Generalisierte lineare Modelle mit SAS 8e<\/span> <\/strong><\/p>\n<p><strong><span style=\"color: #000000;\">2002 Best Paper Award<span style=\"font-size: small;\"><span style=\"font-family: Arial;\">&nbsp; <\/span><\/span><\/span><\/strong><\/p>\n<p><span style=\"color: #000000;\">Carina Ortseifen (Universit\u00e4t Heidelberg), <\/span><span style=\"color: #000000;\">Grischa Pfister (Info Ware Heidelberg), <\/span><span style=\"color: #000000;\">Heinrich St\u00fcrzl (Dade Behring Marburg GmbH) <\/span><br><strong><span style=\"color: #003366;\">N\u00fctzliche L\u00f6sungen zu Problemen und Fragestellungen der SAS Versionen 8, 8.1 und 8.2<\/span> <\/strong><\/p>\n<p><strong><span style=\"color: #000000;\">2001 Best Paper Award<span style=\"font-size: small;\"><span style=\"font-family: Arial;\">&nbsp; <\/span><\/span><\/span><\/strong><\/p>\n<p><span style=\"color: #000000;\">Simone Beck (Universit\u00e4t Mainz\/ZDF) <\/span><br><strong><span style=\"color: #003366;\">Neuronale Netze zur Erstellung eines Prognosemodells in der Medienforschung<\/span> <\/strong><\/p>\n<p><strong><span style=\"color: #000000;\">2000 Best Paper Award<span style=\"font-size: small;\"><span style=\"font-family: Arial;\">&nbsp; <\/span><\/span><\/span><\/strong><\/p>\n<p><span style=\"color: #000000;\">Ralf Minkenberg (Inst. f\u00fcr Biometrie, Universit\u00e4tsklinikum der RWTH Aachen)<\/span><br><strong><span style=\"color: #003366;\">Anwendung der Abfragesprache SQL in SAS<\/span> <\/strong><\/p>\n<p><strong><span style=\"color: #000000;\">1999 Best Paper Award<span style=\"font-size: small;\"><span style=\"font-family: Arial;\">&nbsp; <\/span><\/span><\/span><\/strong><\/p>\n<p><span style=\"color: #000000;\">Tim Friede (Universit\u00e4t Karlsruhe) <\/span><br><strong><span style=\"color: #003366;\">Bootstrap-Korrektur von Somer&#8217;s D im logistischen Regressionsmodell<\/span> <\/strong><\/p>\n\n<p><span style=\"color: #000000;\">Der KSFE Hochschulpreis, der Studentische Nachwuchspreis und die Gewinne des Jubil\u00e4umsr\u00e4tsel wurden gestiftet vom <\/span><a href=\"http:\/\/ksfe-ev.de\/\"><span style=\"text-decoration: underline;\"><span style=\"color: #0000ff;\">KSFE e.V.<\/span><\/span><\/a><\/p>\n<p><span style=\"color: #000000;\">Der Best Paper Award wurde gestiftet von <\/span><a href=\"http:\/\/www.systematika.com\/\"><span style=\"text-decoration: underline;\"><span style=\"color: #0000ff;\">Systematika Information Systems GmbH, Heidelberg.<\/span><\/span><\/a><\/p>\n","protected":false},"excerpt":{"rendered":"<p>2019 KSFE Hochschulpreis 1. Preis:&nbsp;Nils Hermes (FU Berlin) Analyse einer Online-Umfrage zur Zufriedenheit mit Finanz\u00e4mtern mit SAS Contextual Analysis 2018 KSFE Hochschulpreis 1. Preis:&nbsp;Heiko Krause (Universit\u00e4tsmedizin Greifswald) Auswertung experimenteller Proteomics-Daten unter Verwendung der Analysesoftware SAS &#8211; Etablierung einer generellen Herangehensweise &hellip; <a href=\"https:\/\/ksfe-ev.de\/cms\/archiv\/preistrager\/\">Weiterlesen <span class=\"meta-nav\">&rarr;<\/span><\/a><\/p>\n","protected":false},"author":1,"featured_media":0,"parent":38,"menu_order":2,"comment_status":"closed","ping_status":"closed","template":"","meta":[],"_links":{"self":[{"href":"https:\/\/ksfe-ev.de\/cms\/wp-json\/wp\/v2\/pages\/1402"}],"collection":[{"href":"https:\/\/ksfe-ev.de\/cms\/wp-json\/wp\/v2\/pages"}],"about":[{"href":"https:\/\/ksfe-ev.de\/cms\/wp-json\/wp\/v2\/types\/page"}],"author":[{"embeddable":true,"href":"https:\/\/ksfe-ev.de\/cms\/wp-json\/wp\/v2\/users\/1"}],"replies":[{"embeddable":true,"href":"https:\/\/ksfe-ev.de\/cms\/wp-json\/wp\/v2\/comments?post=1402"}],"version-history":[{"count":38,"href":"https:\/\/ksfe-ev.de\/cms\/wp-json\/wp\/v2\/pages\/1402\/revisions"}],"predecessor-version":[{"id":2943,"href":"https:\/\/ksfe-ev.de\/cms\/wp-json\/wp\/v2\/pages\/1402\/revisions\/2943"}],"up":[{"embeddable":true,"href":"https:\/\/ksfe-ev.de\/cms\/wp-json\/wp\/v2\/pages\/38"}],"wp:attachment":[{"href":"https:\/\/ksfe-ev.de\/cms\/wp-json\/wp\/v2\/media?parent=1402"}],"curies":[{"name":"wp","href":"https:\/\/api.w.org\/{rel}","templated":true}]}}